{"id":1064,"date":"2022-10-17T12:41:58","date_gmt":"2022-10-17T12:41:58","guid":{"rendered":"https:\/\/www.konkurs-wilkomirski.pl\/wymagania-programowe\/"},"modified":"2026-04-29T21:40:57","modified_gmt":"2026-04-29T21:40:57","slug":"programme-options","status":"publish","type":"page","link":"https:\/\/www.konkurs-wilkomirski.pl\/en\/programme-options\/","title":{"rendered":"Programme options"},"content":{"rendered":"<section class=\"l-section wpb_row height_large\"><div class=\"l-section-h i-cf\"><div class=\"g-cols vc_row via_grid cols_1 laptops-cols_inherit tablets-cols_inherit mobiles-cols_1 valign_top type_default stacking_default\"><div class=\"wpb_column vc_column_container\"><div class=\"vc_column-inner\"><h1 class=\"w-post-elm post_title align_center entry-title color_link_inherit\">Programme options<\/h1><div class=\"w-separator size_small\"><\/div><div class=\"wpb_text_column\"><div class=\"wpb_wrapper\"><h4 style=\"text-align: center;\"><strong>XVIII KAZIMIERZ WI\u0141KOMIRSKI<br \/>\nINTERNATIONAL YOUTH CELLO COMPETITION<\/strong><\/h4>\n<h6 style=\"text-align: center;\"><strong>Pozna\u0144, 2 \u2013 5 December 2026<\/strong><\/h6>\n<h6><a href=\"https:\/\/www.konkurs-wilkomirski.pl\/wp-content\/uploads\/2026\/04\/XVIII-KAZIMIERZ-WILKOMIRSKI-IYCC_programme-options_pdf-1.pdf\">Download Programme options in pdf format<\/a><\/h6>\n<p><strong>Programme options<\/strong><\/p>\n<p><strong><span>1<sup>st <\/sup>group\u00a0 \u2013 up to 11 (born after\u00a031\/12\/2014)<\/span><\/strong><\/p>\n<p>Performance time can not exceed 15 minutes.<\/p>\n<ol>\n<li>One of the etudes from:<\/li>\n<\/ol>\n<ul>\n<li>Friedrich August Kummer \u2013 10 Melodic Etudes, Op.57<\/li>\n<\/ul>\n<ol start=\"2\">\n<li>Two contrasting parts of any sontatas of the following composers:<\/li>\n<\/ol>\n<ul>\n<li>Antonio Vivaldi (Edition Ricordi, B\u00e4renreiter or Editio Musica Budapest)<\/li>\n<li>Benedetto Marcello (Editio Musica Budapest)<\/li>\n<li>Georg Philipp Telemann (B\u00e4renreiter HM 13)<\/li>\n<\/ul>\n<p>or one of the sonatas:<\/p>\n<ul>\n<li>Antonio Vandini \u2013 Sonata in F major (Edition Schott)<\/li>\n<li>Antonio Vandini \u2013 Sonata in G major (Edition Schott)<\/li>\n<\/ul>\n<ol start=\"3\">\n<li>Piece by a composer from the country of origin of the competition participant.<\/li>\n<\/ol>\n<p><strong>2<sup>nd<\/sup> group \u2013 up to 13 (born after 31\/12\/2012)<\/strong><\/p>\n<p>Performance time can not exceed 15 minutes.<\/p>\n<ol>\n<li>One of the etudes from:<\/li>\n<\/ol>\n<ul>\n<li>Friedrich August Kummer \u2013 10 Melodic Etudes, Op.57<\/li>\n<\/ul>\n<ol start=\"2\">\n<li>Two contrasting parts of any sontatas of the following composers:<\/li>\n<\/ol>\n<ul>\n<li>Antonio Vivaldi (Edition Ricordi, B\u00e4renreiter or Editio Musica Budapest)<\/li>\n<li>Benedetto Marcello (Editio Musica Budapest)<\/li>\n<li>Georg Philipp Telemann (B\u00e4renreiter HM 13)<\/li>\n<\/ul>\n<p>or one of the sonatas:<\/p>\n<ul>\n<li>Antonio Vandini \u2013 Sonata in F major (Edition Schott)<\/li>\n<li>Antonio Vandini \u2013 Sonata in G major (Edition Schott)<\/li>\n<\/ul>\n<p>&nbsp;<\/p>\n<ol start=\"3\">\n<li>Piece by a composer from the country of origin of the competition participant<\/li>\n<\/ol>\n<p><strong>3<sup>rd <\/sup>group \u2013 up to 15 (born after 31\/12\/2010)<\/strong><\/p>\n<p><u>1<sup>st<\/sup> STAGE<\/u><\/p>\n<ol>\n<li>Chosen etude or caprice \u2013 selection:<\/li>\n<\/ol>\n<ul>\n<li>Auguste Franchomme \u2013 12 etudes, Op.35<\/li>\n<li>Auguste Franchomme \u2013 12 caprices, Op.7<\/li>\n<\/ul>\n<ol start=\"2\">\n<li>Kazimierz Wi\u0142komirski \u2013 selection:<\/li>\n<\/ol>\n<ul>\n<li>Aria<\/li>\n<li>Vocalise<\/li>\n<\/ul>\n<ol start=\"3\">\n<li>I and II movement or III and IV movement of chosen sonata*:<\/li>\n<\/ol>\n<ul>\n<li>Andrea Caporale \u2013 6 Sonatas (Edition Granzino)<\/li>\n<li>Francesco Geminiani \u2013 6 Sonatas (Edition Peters Frankfurt)<\/li>\n<li>Benedetto Marcello \u2013 6 Sonatas (Editio Musica Budapest)<\/li>\n<li>Georg Ph. Telemann \u2013 Sonata in D major (B\u00e4renreiter HM 13)<\/li>\n<li>Antonio Vivaldi \u2013 9 Sonatas (Edition Ricordi, B\u00e4renreiter lub Editio Musica Budapest).<\/li>\n<\/ul>\n<p><em>Performances of works in their original version, accompanied with basso continuo, are welcomed. The organizers will provide a performer for a second cello part. The contestant can perform a piece with the chosen accompanying cellist.<\/em><\/p>\n<p>* <em>Only chosen editions of musical score are recommended<\/em><\/p>\n<p><u>2<sup>nd<\/sup> STAGE<\/u><\/p>\n<ol>\n<li>Johann Sebastian Bach \u2013 two movements (without repeats) from Cello Suites to choose:<\/li>\n<\/ol>\n<ul>\n<li>I Cello Suite No.1 in G major, BWV 1007 \u2013 Allemande and<\/li>\n<\/ul>\n<p>Courante or Sarabande and Gigue<\/p>\n<ul>\n<li>II Cello Suite No.2 in D minor, BWV 1008 \u2013 Allemande and Courante or Sarabande and Gigue<\/li>\n<li>III Cello Suite No.3 in C major, BWV 1009 \u2013 Allemande and Courante or Sarabande and Gigue<\/li>\n<\/ul>\n<ol start=\"2\">\n<li>Chosen concert:<\/li>\n<\/ol>\n<ul>\n<li>Luigi Boccherini \u2013 Cello Concerto in G major, G.480, Mvt I<\/li>\n<li>Georg Goltermann \u2013 Cello Concerto No.3, Op.51, Mvt I<\/li>\n<li>Joseph Haydn \u2013 Cello Concerto in D major, Hob. VIIb: 4, Mvt I<\/li>\n<li>Joseph Haydn \u2013 Cello Concerto No.1 in C major, Hob.VIIb:1, Mvt I<\/li>\n<li>Dmitry Kabalevsky \u2013 Cello Concerto No. 1 in G minor, Op. 49, Mvt I<\/li>\n<li>Sergei Prokofiev \u2013 Cello Concertino in G minor, Op. 132, Mvt I<\/li>\n<li>Camille Saint-Sa\u00ebns \u2013 Cello Concerto No. 1 in A minor, Op. 33, Mvt I<\/li>\n<li>Carl Stamitz \u2013 Cello Concerto in C major, Mvt I<\/li>\n<\/ul>\n<p>&nbsp;<\/p>\n<ol start=\"3\">\n<li>Overture form \u2013 selection:<\/li>\n<\/ol>\n<ul>\n<li>Artemi Ayvazyan \u2013 Concert etude<\/li>\n<li>Emil Dunkler \u2013 La Fileuse, Op.15<\/li>\n<li>Gabriel Urbain Faure \u2013 Papillon, Op.77<\/li>\n<li>Daniel van Goens \u2013 Scherzo, Op.12<\/li>\n<li>Samuel Kossowski \u2013 Polonaise with Introduction in C major<\/li>\n<li>David Popper \u2013 Concert Polonaise in D minor, Op.14<\/li>\n<li>David Popper \u2013 Tarantella, Op.33<\/li>\n<li>David Popper \u2013 Hungarian Rhapsody, Op.68<\/li>\n<li>Camille Saint-Sa\u00ebns \u2013 Allegro appassionato, Op.43<\/li>\n<\/ul>\n<p><strong>4th group \u2013 up to 17 (born after 31\/12\/2008)<\/strong><\/p>\n<p><u>1<sup>st<\/sup> STAGE<\/u><\/p>\n<ol>\n<li>Chosen etude from:<\/li>\n<\/ol>\n<ul>\n<li>David Popper \u2013 \u201eHohe Schule\u201d, Op.73<\/li>\n<\/ul>\n<ol start=\"2\">\n<li>Kazimierz Wi\u0142komirski \u2013 selection:<\/li>\n<\/ol>\n<ul>\n<li>Mazurek<\/li>\n<li>Long poem<\/li>\n<\/ul>\n<ol start=\"3\">\n<li>I and II movement or II and III movement of sonatas from*:<\/li>\n<\/ol>\n<ul>\n<li>Luigi Boccherini \u2013 19 Sonatas (Edition Ricordi or Zanibon)<\/li>\n<\/ul>\n<p><em>Performances of works in their original version, accompanied with basso continuo, are welcomed. The organizers will provide a performer for a second cello part. The contestant can perform a piece with the chosen accompanying cellist. <\/em><\/p>\n<p><em>*<\/em> <em>Only chosen editions of musical score are recommended<\/em><\/p>\n<p><u>2<sup>nd<\/sup> STAGE<\/u><\/p>\n<ol>\n<li>Johann Sebastian Bach \u2013 Prelude from selected Cello Suites:<\/li>\n<\/ol>\n<ul>\n<li>I Cello Suite No.1 in G major, BWV 1007<\/li>\n<li>II Cello Suite No.2 in D minor, BWV 1008<\/li>\n<li>III Cello Suite No.3 in C major, BWV 1009<\/li>\n<li>IV Cello Suite No.4 in E-flat major, BWV 1010<\/li>\n<\/ul>\n<ol start=\"2\">\n<li>Chosen cello solo piece:<\/li>\n<\/ol>\n<ul>\n<li>Ernest Bloch \u2013 Suite: movements I and II or movements III and IV (Broude Brothers)<\/li>\n<li>Benjamin Britten \u2013 Suite No.1, Op.72: Canto I \u2013 Fugue or IV Marcia \u2013 Canto terzo (Faber)<\/li>\n<li>Gaspar Cassado \u2013 Suite for Cello Solo: movement I (Universal)<\/li>\n<li>George Crumb \u2013 Sonata for Solo Cello: movement I or movement II (Peters)<\/li>\n<li>Sofia Gubaidulina \u2013 \u201c10 Pr\u00e4ludien\u201d: 2\u20133 preludes to choose (duration: 6 minutes) (Sikorski Verlag)<\/li>\n<li>Hans Werner Henze \u2013 Serenade: 5 movements to choose (Schott)<\/li>\n<li>Paul Hindemith \u2013 Cello Sonata, Op.25 No.3: movements from I to III or movements III to V (Schott)<\/li>\n<li>Volker David Kirchner \u2013 \u201eUnd Salomo sprach \u2026\u201d (Schott)<\/li>\n<li>Witold Lutos\u0142awski \u2013 Sacher-Variation<\/li>\n<li>Enrico Mainardi \u2013 \u201e7 Studi brevi\u201d: ovements from I to IV or movements from IV to VII (Schott)<\/li>\n<\/ul>\n<p>&nbsp;<\/p>\n<ol start=\"3\">\n<li>Chosen concert:<\/li>\n<\/ol>\n<ul>\n<li>Joseph Haydn \u2013 Cello Concerto No.1 in C major, Hob.VIIb:1, Mvts II &amp; III<\/li>\n<li>Dmitry Kabalevsky \u2013 Cello Concerto No.1 in G minor, Op.49, Mvts II &amp; III<\/li>\n<li>Edouard Lalo \u2013 Cello concerto in D minor, Mvt I or Mvts II &amp; III<\/li>\n<li>Sergei Prokofiev \u2013 Concertino in G minor, Op.132, Mvts II &amp; III<\/li>\n<li>Camille Saint-Sa\u00ebns \u2013 Cello Concerto No.1 in A minor, Op.33<\/li>\n<\/ul>\n<p>Mvts I &amp; II (according to Edition Peters to letter H = bar 372) or<\/p>\n<p>Mvts II &amp; III (according to Edition Peters from letter F = bar 208)<\/p>\n<ul>\n<li>Edward Elgar \u2013 Cello Concerto in E minor, Op.85 , Mvts I &amp; II or III &amp; IV<\/li>\n<li>Antonin Dvorak \u2013 Cello Concerto in B minor, Op.104, Mvt I<\/li>\n<\/ul>\n<\/div><\/div><\/div><\/div><\/div><\/div><\/section>\n","protected":false},"excerpt":{"rendered":"Programme optionsXVIII KAZIMIERZ WI\u0141KOMIRSKI INTERNATIONAL YOUTH CELLO COMPETITION Pozna\u0144, 2 \u2013 5 December 2026 Download Programme options in pdf format Programme options 1st group\u00a0 \u2013 up to 11 (born after\u00a031\/12\/2014) Performance time can not exceed 15 minutes. One of the etudes from: Friedrich August Kummer \u2013 10 Melodic Etudes, Op.57 Two contrasting parts of any...","protected":false},"author":1,"featured_media":0,"parent":0,"menu_order":0,"comment_status":"closed","ping_status":"closed","template":"","meta":{"footnotes":""},"class_list":["post-1064","page","type-page","status-publish","hentry"],"yoast_head":"<!-- This site is optimized with the Yoast SEO plugin v27.4 - https:\/\/yoast.com\/product\/yoast-seo-wordpress\/ -->\n<title>Programme options - Konkurs Wi\u0142komirski<\/title>\n<meta name=\"robots\" content=\"index, follow, max-snippet:-1, max-image-preview:large, max-video-preview:-1\" \/>\n<link rel=\"canonical\" href=\"https:\/\/www.konkurs-wilkomirski.pl\/en\/programme-options\/\" \/>\n<meta property=\"og:locale\" content=\"en_US\" \/>\n<meta property=\"og:type\" content=\"article\" \/>\n<meta property=\"og:title\" content=\"Programme options - Konkurs Wi\u0142komirski\" \/>\n<meta property=\"og:url\" content=\"https:\/\/www.konkurs-wilkomirski.pl\/en\/programme-options\/\" \/>\n<meta property=\"og:site_name\" content=\"Konkurs Wi\u0142komirski\" \/>\n<meta property=\"article:publisher\" content=\"https:\/\/www.facebook.com\/people\/Konkurs-Wiolonczelowy-K-Wikomirskiego\/100087049857948\/\" \/>\n<meta property=\"article:modified_time\" content=\"2026-04-29T21:40:57+00:00\" \/>\n<meta name=\"twitter:card\" content=\"summary_large_image\" \/>\n<meta name=\"twitter:label1\" content=\"Est. reading time\" \/>\n\t<meta name=\"twitter:data1\" content=\"6 minutes\" \/>\n<script type=\"application\/ld+json\" class=\"yoast-schema-graph\">{\"@context\":\"https:\\\/\\\/schema.org\",\"@graph\":[{\"@type\":\"WebPage\",\"@id\":\"https:\\\/\\\/www.konkurs-wilkomirski.pl\\\/en\\\/programme-options\\\/\",\"url\":\"https:\\\/\\\/www.konkurs-wilkomirski.pl\\\/en\\\/programme-options\\\/\",\"name\":\"Programme options - Konkurs Wi\u0142komirski\",\"isPartOf\":{\"@id\":\"https:\\\/\\\/www.konkurs-wilkomirski.pl\\\/#website\"},\"datePublished\":\"2022-10-17T12:41:58+00:00\",\"dateModified\":\"2026-04-29T21:40:57+00:00\",\"breadcrumb\":{\"@id\":\"https:\\\/\\\/www.konkurs-wilkomirski.pl\\\/en\\\/programme-options\\\/#breadcrumb\"},\"inLanguage\":\"en-US\",\"potentialAction\":[{\"@type\":\"ReadAction\",\"target\":[\"https:\\\/\\\/www.konkurs-wilkomirski.pl\\\/en\\\/programme-options\\\/\"]}]},{\"@type\":\"BreadcrumbList\",\"@id\":\"https:\\\/\\\/www.konkurs-wilkomirski.pl\\\/en\\\/programme-options\\\/#breadcrumb\",\"itemListElement\":[{\"@type\":\"ListItem\",\"position\":1,\"name\":\"Strona g\u0142\u00f3wna\",\"item\":\"https:\\\/\\\/www.konkurs-wilkomirski.pl\\\/en\\\/\"},{\"@type\":\"ListItem\",\"position\":2,\"name\":\"Programme options\"}]},{\"@type\":\"WebSite\",\"@id\":\"https:\\\/\\\/www.konkurs-wilkomirski.pl\\\/#website\",\"url\":\"https:\\\/\\\/www.konkurs-wilkomirski.pl\\\/\",\"name\":\"Konkurs Wi\u0142komirski\",\"description\":\"Konkurs Wi\u0142komirski POSM2\",\"publisher\":{\"@id\":\"https:\\\/\\\/www.konkurs-wilkomirski.pl\\\/#organization\"},\"potentialAction\":[{\"@type\":\"SearchAction\",\"target\":{\"@type\":\"EntryPoint\",\"urlTemplate\":\"https:\\\/\\\/www.konkurs-wilkomirski.pl\\\/?s={search_term_string}\"},\"query-input\":{\"@type\":\"PropertyValueSpecification\",\"valueRequired\":true,\"valueName\":\"search_term_string\"}}],\"inLanguage\":\"en-US\"},{\"@type\":\"Organization\",\"@id\":\"https:\\\/\\\/www.konkurs-wilkomirski.pl\\\/#organization\",\"name\":\"Pozna\u0144ska Og\u00f3lnokszta\u0142c\u0105ca Szko\u0142a Muzyczna I stopnia nr. 2 im. T. Szeligowskiego\",\"url\":\"https:\\\/\\\/www.konkurs-wilkomirski.pl\\\/\",\"logo\":{\"@type\":\"ImageObject\",\"inLanguage\":\"en-US\",\"@id\":\"https:\\\/\\\/www.konkurs-wilkomirski.pl\\\/#\\\/schema\\\/logo\\\/image\\\/\",\"url\":\"https:\\\/\\\/www.konkurs-wilkomirski.pl\\\/wp-content\\\/uploads\\\/2022\\\/11\\\/logo_KONKURS_WIOLON._fiolet.png\",\"contentUrl\":\"https:\\\/\\\/www.konkurs-wilkomirski.pl\\\/wp-content\\\/uploads\\\/2022\\\/11\\\/logo_KONKURS_WIOLON._fiolet.png\",\"width\":1024,\"height\":569,\"caption\":\"Pozna\u0144ska Og\u00f3lnokszta\u0142c\u0105ca Szko\u0142a Muzyczna I stopnia nr. 2 im. T. Szeligowskiego\"},\"image\":{\"@id\":\"https:\\\/\\\/www.konkurs-wilkomirski.pl\\\/#\\\/schema\\\/logo\\\/image\\\/\"},\"sameAs\":[\"https:\\\/\\\/www.facebook.com\\\/people\\\/Konkurs-Wiolonczelowy-K-Wikomirskiego\\\/100087049857948\\\/\"]}]}<\/script>\n<!-- \/ Yoast SEO plugin. -->","yoast_head_json":{"title":"Programme options - Konkurs Wi\u0142komirski","robots":{"index":"index","follow":"follow","max-snippet":"max-snippet:-1","max-image-preview":"max-image-preview:large","max-video-preview":"max-video-preview:-1"},"canonical":"https:\/\/www.konkurs-wilkomirski.pl\/en\/programme-options\/","og_locale":"en_US","og_type":"article","og_title":"Programme options - Konkurs Wi\u0142komirski","og_url":"https:\/\/www.konkurs-wilkomirski.pl\/en\/programme-options\/","og_site_name":"Konkurs Wi\u0142komirski","article_publisher":"https:\/\/www.facebook.com\/people\/Konkurs-Wiolonczelowy-K-Wikomirskiego\/100087049857948\/","article_modified_time":"2026-04-29T21:40:57+00:00","twitter_card":"summary_large_image","twitter_misc":{"Est. reading time":"6 minutes"},"schema":{"@context":"https:\/\/schema.org","@graph":[{"@type":"WebPage","@id":"https:\/\/www.konkurs-wilkomirski.pl\/en\/programme-options\/","url":"https:\/\/www.konkurs-wilkomirski.pl\/en\/programme-options\/","name":"Programme options - Konkurs Wi\u0142komirski","isPartOf":{"@id":"https:\/\/www.konkurs-wilkomirski.pl\/#website"},"datePublished":"2022-10-17T12:41:58+00:00","dateModified":"2026-04-29T21:40:57+00:00","breadcrumb":{"@id":"https:\/\/www.konkurs-wilkomirski.pl\/en\/programme-options\/#breadcrumb"},"inLanguage":"en-US","potentialAction":[{"@type":"ReadAction","target":["https:\/\/www.konkurs-wilkomirski.pl\/en\/programme-options\/"]}]},{"@type":"BreadcrumbList","@id":"https:\/\/www.konkurs-wilkomirski.pl\/en\/programme-options\/#breadcrumb","itemListElement":[{"@type":"ListItem","position":1,"name":"Strona g\u0142\u00f3wna","item":"https:\/\/www.konkurs-wilkomirski.pl\/en\/"},{"@type":"ListItem","position":2,"name":"Programme options"}]},{"@type":"WebSite","@id":"https:\/\/www.konkurs-wilkomirski.pl\/#website","url":"https:\/\/www.konkurs-wilkomirski.pl\/","name":"Konkurs Wi\u0142komirski","description":"Konkurs Wi\u0142komirski POSM2","publisher":{"@id":"https:\/\/www.konkurs-wilkomirski.pl\/#organization"},"potentialAction":[{"@type":"SearchAction","target":{"@type":"EntryPoint","urlTemplate":"https:\/\/www.konkurs-wilkomirski.pl\/?s={search_term_string}"},"query-input":{"@type":"PropertyValueSpecification","valueRequired":true,"valueName":"search_term_string"}}],"inLanguage":"en-US"},{"@type":"Organization","@id":"https:\/\/www.konkurs-wilkomirski.pl\/#organization","name":"Pozna\u0144ska Og\u00f3lnokszta\u0142c\u0105ca Szko\u0142a Muzyczna I stopnia nr. 2 im. T. Szeligowskiego","url":"https:\/\/www.konkurs-wilkomirski.pl\/","logo":{"@type":"ImageObject","inLanguage":"en-US","@id":"https:\/\/www.konkurs-wilkomirski.pl\/#\/schema\/logo\/image\/","url":"https:\/\/www.konkurs-wilkomirski.pl\/wp-content\/uploads\/2022\/11\/logo_KONKURS_WIOLON._fiolet.png","contentUrl":"https:\/\/www.konkurs-wilkomirski.pl\/wp-content\/uploads\/2022\/11\/logo_KONKURS_WIOLON._fiolet.png","width":1024,"height":569,"caption":"Pozna\u0144ska Og\u00f3lnokszta\u0142c\u0105ca Szko\u0142a Muzyczna I stopnia nr. 2 im. T. Szeligowskiego"},"image":{"@id":"https:\/\/www.konkurs-wilkomirski.pl\/#\/schema\/logo\/image\/"},"sameAs":["https:\/\/www.facebook.com\/people\/Konkurs-Wiolonczelowy-K-Wikomirskiego\/100087049857948\/"]}]}},"_links":{"self":[{"href":"https:\/\/www.konkurs-wilkomirski.pl\/en\/wp-json\/wp\/v2\/pages\/1064","targetHints":{"allow":["GET"]}}],"collection":[{"href":"https:\/\/www.konkurs-wilkomirski.pl\/en\/wp-json\/wp\/v2\/pages"}],"about":[{"href":"https:\/\/www.konkurs-wilkomirski.pl\/en\/wp-json\/wp\/v2\/types\/page"}],"author":[{"embeddable":true,"href":"https:\/\/www.konkurs-wilkomirski.pl\/en\/wp-json\/wp\/v2\/users\/1"}],"replies":[{"embeddable":true,"href":"https:\/\/www.konkurs-wilkomirski.pl\/en\/wp-json\/wp\/v2\/comments?post=1064"}],"version-history":[{"count":30,"href":"https:\/\/www.konkurs-wilkomirski.pl\/en\/wp-json\/wp\/v2\/pages\/1064\/revisions"}],"predecessor-version":[{"id":3907,"href":"https:\/\/www.konkurs-wilkomirski.pl\/en\/wp-json\/wp\/v2\/pages\/1064\/revisions\/3907"}],"wp:attachment":[{"href":"https:\/\/www.konkurs-wilkomirski.pl\/en\/wp-json\/wp\/v2\/media?parent=1064"}],"curies":[{"name":"wp","href":"https:\/\/api.w.org\/{rel}","templated":true}]}}