{"id":1111,"date":"2022-10-17T13:51:30","date_gmt":"2022-10-17T13:51:30","guid":{"rendered":"https:\/\/www.konkurs-wilkomirski.pl\/?page_id=1111"},"modified":"2022-11-02T08:34:43","modified_gmt":"2022-11-02T08:34:43","slug":"2020-edition","status":"publish","type":"page","link":"https:\/\/www.konkurs-wilkomirski.pl\/en\/2020-edition\/","title":{"rendered":"2020 Edition"},"content":{"rendered":"<section class=\"l-section wpb_row height_auto width_full\"><div class=\"l-section-h i-cf\"><div class=\"g-cols vc_row via_grid cols_2-1 laptops-cols_inherit tablets-cols_1 mobiles-cols_1 valign_top type_default stacking_default\" style=\"--columns-gap:0rem;\"><div class=\"wpb_column vc_column_container us_custom_66385c1b\"><div class=\"vc_column-inner\"><div class=\"w-separator size_huge\"><\/div><div class=\"wpb_text_column\"><div class=\"wpb_wrapper\"><h2>Results of the<br \/>\nXV Kazimierz Wi\u0142komirski<br \/>\nInternational Youth<br \/>\nCello Competition<\/h2>\n<\/div><\/div><div class=\"w-separator size_small\"><\/div><div class=\"wpb_text_column\"><div class=\"wpb_wrapper\"><h5>Pozna\u0144, 2020<\/h5>\n<\/div><\/div><div class=\"w-separator size_huge\"><\/div><div class=\"w-tabs layout_ver navwidth_30 navpos_left style_trendy switch_click remove_indents\" style=\"--sections-title-size:1.6rem\"><div class=\"w-tabs-list items_5 align_none\" style=\"font-weight:600;line-height:1rem;\"><div class=\"w-tabs-list-h\"><button class=\"w-tabs-item active\" aria-controls=\"content-yd40\" aria-expanded=\"false\"><span class=\"w-tabs-item-title\">Results<\/span><\/button><button class=\"w-tabs-item\" aria-controls=\"content-r18b\" aria-expanded=\"false\"><span class=\"w-tabs-item-title\">Group I<\/span><\/button><button class=\"w-tabs-item\" aria-controls=\"content-j650\" aria-expanded=\"false\"><span class=\"w-tabs-item-title\">Group II<\/span><\/button><button class=\"w-tabs-item\" aria-controls=\"content-zae1\" aria-expanded=\"false\"><span class=\"w-tabs-item-title\">Group III<\/span><\/button><button class=\"w-tabs-item\" aria-controls=\"content-qd94\" aria-expanded=\"false\"><span class=\"w-tabs-item-title\">Special prize<\/span><\/button><\/div><\/div><div class=\"w-tabs-sections titles-align_none icon_chevron cpos_right\"><div class=\"w-tabs-section active\" id=\"yd40\"><button class=\"w-tabs-section-header active\" aria-controls=\"content-yd40\" aria-expanded=\"true\"><h3 class=\"w-tabs-section-title\">Results<\/h3><div class=\"w-tabs-section-control\"><\/div><\/button><div  class=\"w-tabs-section-content us_custom_29f9693d\" id=\"content-yd40\"><div class=\"w-tabs-section-content-h i-cf\"><div class=\"wpb_text_column us_custom_d89e4085\"><div class=\"wpb_wrapper\"><p>Juryof the 15<sup>th<\/sup>\u00a0K. Wi\u0142komirski Youth Cello Competition<br \/>\nconsisting of:<\/p>\n<p>Jury leader<br \/>\n<strong>prof. Markus Nyikos<\/strong><\/p>\n<p>Jury members<br \/>\n<strong>prof. Urszula Marciniec-Mazur<\/strong><br \/>\n<strong>prof. Rimantas Armonas<\/strong><br \/>\n<strong>prof. Zdzis\u0142aw \u0141api\u0144ski<\/strong><br \/>\n<strong>dr hab. prof. UMFC Adam Klocek<\/strong><br \/>\n<strong>dr Tomasz Lisiecki<\/strong><\/p>\n<p>decided to award the following prizes:<\/p>\n<\/div><\/div><\/div><\/div><\/div><div class=\"w-tabs-section\" id=\"r18b\"><button class=\"w-tabs-section-header\" aria-controls=\"content-r18b\" aria-expanded=\"false\"><h3 class=\"w-tabs-section-title\">Group I<\/h3><div class=\"w-tabs-section-control\"><\/div><\/button><div  class=\"w-tabs-section-content\" id=\"content-r18b\"><div class=\"w-tabs-section-content-h i-cf\"><div class=\"wpb_text_column us_custom_d89e4085\"><div class=\"wpb_wrapper\"><p>I prize ex aequo<\/p>\n<p><strong>Yuki Ariel Wilson<\/strong><br \/>\n<strong>Antoni Grzegorz Werner<\/strong><\/p>\n<p>II prize<\/p>\n<p><strong>Jeremi Szcz\u0119sny Micha\u0142owicz<\/strong><\/p>\n<p>III prize<\/p>\n<p><strong>Emilia Maria Maciejewska<\/strong><\/p>\n<p>&nbsp;<\/p>\n<p>Distinctions<\/p>\n<p><strong>Amelia Maria G\u00f3rka<\/strong><br \/>\n<strong>Lena Joanna Malinowska<\/strong><br \/>\n<strong>Marianna Sza\u0142kiewicz-Nowak<\/strong><br \/>\n<strong>Leonard Szy\u0142ejko<\/strong><br \/>\n<strong>Aniela Miriam Toczyska<\/strong><\/p>\n<\/div><\/div><\/div><\/div><\/div><div class=\"w-tabs-section\" id=\"j650\"><button class=\"w-tabs-section-header\" aria-controls=\"content-j650\" aria-expanded=\"false\"><h3 class=\"w-tabs-section-title\">Group II<\/h3><div class=\"w-tabs-section-control\"><\/div><\/button><div  class=\"w-tabs-section-content\" id=\"content-j650\"><div class=\"w-tabs-section-content-h i-cf\"><div class=\"wpb_text_column us_custom_d89e4085\"><div class=\"wpb_wrapper\"><p>I prize<\/p>\n<p><strong>Fryderyk Midor<\/strong><\/p>\n<p>II prize<\/p>\n<p><strong>nie przyznano<\/strong><\/p>\n<p>III prize ex aequo<\/p>\n<p><strong>Amelia Weronika Bryl<\/strong><br \/>\n<strong>Zuzanna Julia Fromm<\/strong><br \/>\n<strong>Anita Warnecka<\/strong><\/p>\n<p>&nbsp;<\/p>\n<p>Distinction<\/p>\n<p><strong>Kajetan Pa\u0142\u0119cki<\/strong><\/p>\n<\/div><\/div><\/div><\/div><\/div><div class=\"w-tabs-section\" id=\"zae1\"><button class=\"w-tabs-section-header\" aria-controls=\"content-zae1\" aria-expanded=\"false\"><h3 class=\"w-tabs-section-title\">Group III<\/h3><div class=\"w-tabs-section-control\"><\/div><\/button><div  class=\"w-tabs-section-content\" id=\"content-zae1\"><div class=\"w-tabs-section-content-h i-cf\"><div class=\"wpb_text_column us_custom_d89e4085\"><div class=\"wpb_wrapper\"><p>I prize<\/p>\n<p><strong>Filip Krzeszowiec<\/strong><\/p>\n<p>II prize<\/p>\n<p><strong>Antoni Wrona<\/strong><\/p>\n<p>III prize ex aequo<\/p>\n<p><strong>Amelia Zofia Chmielewska<br \/>\nAurora Magdalena Dynowska<\/strong><\/p>\n<p>&nbsp;<\/p>\n<p>Distinctions I degree<\/p>\n<p><strong>Hanxiang\u00a0 Chen<\/strong><br \/>\n<strong>Piotr Andrzej Olesz<\/strong><\/p>\n<p>&nbsp;<\/p>\n<p>Distinctions\u00a0 II degree<\/p>\n<p><strong>Tadeusz Wawrowski<\/strong><br \/>\n<strong>Zuzanna Zam\u0119ska<\/strong><\/p>\n<\/div><\/div><\/div><\/div><\/div><div class=\"w-tabs-section\" id=\"qd94\"><button class=\"w-tabs-section-header\" aria-controls=\"content-qd94\" aria-expanded=\"false\"><h3 class=\"w-tabs-section-title\">Special prize<\/h3><div class=\"w-tabs-section-control\"><\/div><\/button><div  class=\"w-tabs-section-content\" id=\"content-qd94\"><div class=\"w-tabs-section-content-h i-cf\"><div class=\"wpb_text_column\"><div class=\"wpb_wrapper\"><p>The award for the best performance of the obligatory piece<br \/>\nof the competition patron Kazimierz Wi\u0142komirski receives<\/p>\n<p>in group II<br \/>\n<strong>Fryderyk Midor<\/strong><\/p>\n<p>in group III<br \/>\n<strong>Amelia Zofia Chmielewska<\/strong><\/p>\n<\/div><\/div><\/div><\/div><\/div><\/div><\/div><\/div><\/div><div class=\"wpb_column vc_column_container us_custom_0ac390df hide_on_tablets hide_on_mobiles has_bg_color\"><div class=\"vc_column-inner\"><\/div><\/div><\/div><\/div><\/section>\n","protected":false},"excerpt":{"rendered":"Results of the XV Kazimierz Wi\u0142komirski International Youth Cello Competition Pozna\u0144, 2020 ResultsGroup IGroup IIGroup IIISpecial prizeResultsJuryof the 15th\u00a0K. Wi\u0142komirski Youth Cello Competition consisting of: Jury leader prof. Markus Nyikos Jury members prof. Urszula Marciniec-Mazur prof. Rimantas Armonas prof. Zdzis\u0142aw \u0141api\u0144ski dr hab. prof. UMFC Adam Klocek dr Tomasz Lisiecki decided to award the following...","protected":false},"author":1,"featured_media":0,"parent":0,"menu_order":0,"comment_status":"closed","ping_status":"closed","template":"","meta":{"footnotes":""},"class_list":["post-1111","page","type-page","status-publish","hentry"],"yoast_head":"<!-- This site is optimized with the Yoast SEO plugin v27.4 - https:\/\/yoast.com\/product\/yoast-seo-wordpress\/ -->\n<title>2020 Edition - Konkurs Wi\u0142komirski<\/title>\n<meta name=\"robots\" content=\"index, follow, max-snippet:-1, max-image-preview:large, max-video-preview:-1\" \/>\n<link rel=\"canonical\" href=\"https:\/\/www.konkurs-wilkomirski.pl\/en\/2020-edition\/\" \/>\n<meta property=\"og:locale\" content=\"en_US\" \/>\n<meta property=\"og:type\" content=\"article\" \/>\n<meta property=\"og:title\" content=\"2020 Edition - Konkurs Wi\u0142komirski\" \/>\n<meta property=\"og:url\" content=\"https:\/\/www.konkurs-wilkomirski.pl\/en\/2020-edition\/\" \/>\n<meta property=\"og:site_name\" content=\"Konkurs Wi\u0142komirski\" \/>\n<meta property=\"article:publisher\" content=\"https:\/\/www.facebook.com\/people\/Konkurs-Wiolonczelowy-K-Wikomirskiego\/100087049857948\/\" \/>\n<meta property=\"article:modified_time\" content=\"2022-11-02T08:34:43+00:00\" \/>\n<meta name=\"twitter:card\" content=\"summary_large_image\" \/>\n<meta name=\"twitter:label1\" content=\"Est. reading time\" \/>\n\t<meta name=\"twitter:data1\" content=\"5 minutes\" \/>\n<script type=\"application\/ld+json\" class=\"yoast-schema-graph\">{\"@context\":\"https:\\\/\\\/schema.org\",\"@graph\":[{\"@type\":\"WebPage\",\"@id\":\"https:\\\/\\\/www.konkurs-wilkomirski.pl\\\/en\\\/2020-edition\\\/\",\"url\":\"https:\\\/\\\/www.konkurs-wilkomirski.pl\\\/en\\\/2020-edition\\\/\",\"name\":\"2020 Edition - Konkurs Wi\u0142komirski\",\"isPartOf\":{\"@id\":\"https:\\\/\\\/www.konkurs-wilkomirski.pl\\\/#website\"},\"datePublished\":\"2022-10-17T13:51:30+00:00\",\"dateModified\":\"2022-11-02T08:34:43+00:00\",\"breadcrumb\":{\"@id\":\"https:\\\/\\\/www.konkurs-wilkomirski.pl\\\/en\\\/2020-edition\\\/#breadcrumb\"},\"inLanguage\":\"en-US\",\"potentialAction\":[{\"@type\":\"ReadAction\",\"target\":[\"https:\\\/\\\/www.konkurs-wilkomirski.pl\\\/en\\\/2020-edition\\\/\"]}]},{\"@type\":\"BreadcrumbList\",\"@id\":\"https:\\\/\\\/www.konkurs-wilkomirski.pl\\\/en\\\/2020-edition\\\/#breadcrumb\",\"itemListElement\":[{\"@type\":\"ListItem\",\"position\":1,\"name\":\"Strona g\u0142\u00f3wna\",\"item\":\"https:\\\/\\\/www.konkurs-wilkomirski.pl\\\/en\\\/\"},{\"@type\":\"ListItem\",\"position\":2,\"name\":\"2020 Edition\"}]},{\"@type\":\"WebSite\",\"@id\":\"https:\\\/\\\/www.konkurs-wilkomirski.pl\\\/#website\",\"url\":\"https:\\\/\\\/www.konkurs-wilkomirski.pl\\\/\",\"name\":\"Konkurs Wi\u0142komirski\",\"description\":\"Konkurs Wi\u0142komirski POSM2\",\"publisher\":{\"@id\":\"https:\\\/\\\/www.konkurs-wilkomirski.pl\\\/#organization\"},\"potentialAction\":[{\"@type\":\"SearchAction\",\"target\":{\"@type\":\"EntryPoint\",\"urlTemplate\":\"https:\\\/\\\/www.konkurs-wilkomirski.pl\\\/?s={search_term_string}\"},\"query-input\":{\"@type\":\"PropertyValueSpecification\",\"valueRequired\":true,\"valueName\":\"search_term_string\"}}],\"inLanguage\":\"en-US\"},{\"@type\":\"Organization\",\"@id\":\"https:\\\/\\\/www.konkurs-wilkomirski.pl\\\/#organization\",\"name\":\"Pozna\u0144ska Og\u00f3lnokszta\u0142c\u0105ca Szko\u0142a Muzyczna I stopnia nr. 2 im. T. Szeligowskiego\",\"url\":\"https:\\\/\\\/www.konkurs-wilkomirski.pl\\\/\",\"logo\":{\"@type\":\"ImageObject\",\"inLanguage\":\"en-US\",\"@id\":\"https:\\\/\\\/www.konkurs-wilkomirski.pl\\\/#\\\/schema\\\/logo\\\/image\\\/\",\"url\":\"https:\\\/\\\/www.konkurs-wilkomirski.pl\\\/wp-content\\\/uploads\\\/2022\\\/11\\\/logo_KONKURS_WIOLON._fiolet.png\",\"contentUrl\":\"https:\\\/\\\/www.konkurs-wilkomirski.pl\\\/wp-content\\\/uploads\\\/2022\\\/11\\\/logo_KONKURS_WIOLON._fiolet.png\",\"width\":1024,\"height\":569,\"caption\":\"Pozna\u0144ska Og\u00f3lnokszta\u0142c\u0105ca Szko\u0142a Muzyczna I stopnia nr. 2 im. T. Szeligowskiego\"},\"image\":{\"@id\":\"https:\\\/\\\/www.konkurs-wilkomirski.pl\\\/#\\\/schema\\\/logo\\\/image\\\/\"},\"sameAs\":[\"https:\\\/\\\/www.facebook.com\\\/people\\\/Konkurs-Wiolonczelowy-K-Wikomirskiego\\\/100087049857948\\\/\"]}]}<\/script>\n<!-- \/ Yoast SEO plugin. -->","yoast_head_json":{"title":"2020 Edition - Konkurs Wi\u0142komirski","robots":{"index":"index","follow":"follow","max-snippet":"max-snippet:-1","max-image-preview":"max-image-preview:large","max-video-preview":"max-video-preview:-1"},"canonical":"https:\/\/www.konkurs-wilkomirski.pl\/en\/2020-edition\/","og_locale":"en_US","og_type":"article","og_title":"2020 Edition - Konkurs Wi\u0142komirski","og_url":"https:\/\/www.konkurs-wilkomirski.pl\/en\/2020-edition\/","og_site_name":"Konkurs Wi\u0142komirski","article_publisher":"https:\/\/www.facebook.com\/people\/Konkurs-Wiolonczelowy-K-Wikomirskiego\/100087049857948\/","article_modified_time":"2022-11-02T08:34:43+00:00","twitter_card":"summary_large_image","twitter_misc":{"Est. reading time":"5 minutes"},"schema":{"@context":"https:\/\/schema.org","@graph":[{"@type":"WebPage","@id":"https:\/\/www.konkurs-wilkomirski.pl\/en\/2020-edition\/","url":"https:\/\/www.konkurs-wilkomirski.pl\/en\/2020-edition\/","name":"2020 Edition - Konkurs Wi\u0142komirski","isPartOf":{"@id":"https:\/\/www.konkurs-wilkomirski.pl\/#website"},"datePublished":"2022-10-17T13:51:30+00:00","dateModified":"2022-11-02T08:34:43+00:00","breadcrumb":{"@id":"https:\/\/www.konkurs-wilkomirski.pl\/en\/2020-edition\/#breadcrumb"},"inLanguage":"en-US","potentialAction":[{"@type":"ReadAction","target":["https:\/\/www.konkurs-wilkomirski.pl\/en\/2020-edition\/"]}]},{"@type":"BreadcrumbList","@id":"https:\/\/www.konkurs-wilkomirski.pl\/en\/2020-edition\/#breadcrumb","itemListElement":[{"@type":"ListItem","position":1,"name":"Strona g\u0142\u00f3wna","item":"https:\/\/www.konkurs-wilkomirski.pl\/en\/"},{"@type":"ListItem","position":2,"name":"2020 Edition"}]},{"@type":"WebSite","@id":"https:\/\/www.konkurs-wilkomirski.pl\/#website","url":"https:\/\/www.konkurs-wilkomirski.pl\/","name":"Konkurs Wi\u0142komirski","description":"Konkurs Wi\u0142komirski POSM2","publisher":{"@id":"https:\/\/www.konkurs-wilkomirski.pl\/#organization"},"potentialAction":[{"@type":"SearchAction","target":{"@type":"EntryPoint","urlTemplate":"https:\/\/www.konkurs-wilkomirski.pl\/?s={search_term_string}"},"query-input":{"@type":"PropertyValueSpecification","valueRequired":true,"valueName":"search_term_string"}}],"inLanguage":"en-US"},{"@type":"Organization","@id":"https:\/\/www.konkurs-wilkomirski.pl\/#organization","name":"Pozna\u0144ska Og\u00f3lnokszta\u0142c\u0105ca Szko\u0142a Muzyczna I stopnia nr. 2 im. T. Szeligowskiego","url":"https:\/\/www.konkurs-wilkomirski.pl\/","logo":{"@type":"ImageObject","inLanguage":"en-US","@id":"https:\/\/www.konkurs-wilkomirski.pl\/#\/schema\/logo\/image\/","url":"https:\/\/www.konkurs-wilkomirski.pl\/wp-content\/uploads\/2022\/11\/logo_KONKURS_WIOLON._fiolet.png","contentUrl":"https:\/\/www.konkurs-wilkomirski.pl\/wp-content\/uploads\/2022\/11\/logo_KONKURS_WIOLON._fiolet.png","width":1024,"height":569,"caption":"Pozna\u0144ska Og\u00f3lnokszta\u0142c\u0105ca Szko\u0142a Muzyczna I stopnia nr. 2 im. T. Szeligowskiego"},"image":{"@id":"https:\/\/www.konkurs-wilkomirski.pl\/#\/schema\/logo\/image\/"},"sameAs":["https:\/\/www.facebook.com\/people\/Konkurs-Wiolonczelowy-K-Wikomirskiego\/100087049857948\/"]}]}},"_links":{"self":[{"href":"https:\/\/www.konkurs-wilkomirski.pl\/en\/wp-json\/wp\/v2\/pages\/1111","targetHints":{"allow":["GET"]}}],"collection":[{"href":"https:\/\/www.konkurs-wilkomirski.pl\/en\/wp-json\/wp\/v2\/pages"}],"about":[{"href":"https:\/\/www.konkurs-wilkomirski.pl\/en\/wp-json\/wp\/v2\/types\/page"}],"author":[{"embeddable":true,"href":"https:\/\/www.konkurs-wilkomirski.pl\/en\/wp-json\/wp\/v2\/users\/1"}],"replies":[{"embeddable":true,"href":"https:\/\/www.konkurs-wilkomirski.pl\/en\/wp-json\/wp\/v2\/comments?post=1111"}],"version-history":[{"count":5,"href":"https:\/\/www.konkurs-wilkomirski.pl\/en\/wp-json\/wp\/v2\/pages\/1111\/revisions"}],"predecessor-version":[{"id":1601,"href":"https:\/\/www.konkurs-wilkomirski.pl\/en\/wp-json\/wp\/v2\/pages\/1111\/revisions\/1601"}],"wp:attachment":[{"href":"https:\/\/www.konkurs-wilkomirski.pl\/en\/wp-json\/wp\/v2\/media?parent=1111"}],"curies":[{"name":"wp","href":"https:\/\/api.w.org\/{rel}","templated":true}]}}