{"id":1729,"date":"2022-11-08T12:57:38","date_gmt":"2022-11-08T12:57:38","guid":{"rendered":"https:\/\/www.konkurs-wilkomirski.pl\/?page_id=1729"},"modified":"2022-11-08T13:13:20","modified_gmt":"2022-11-08T13:13:20","slug":"deklaracja-dostepnosci","status":"publish","type":"page","link":"https:\/\/www.konkurs-wilkomirski.pl\/en\/deklaracja-dostepnosci\/","title":{"rendered":"Deklaracja dost\u0119pno\u015bci"},"content":{"rendered":"<section class=\"l-section wpb_row height_large\"><div class=\"l-section-h i-cf\"><div class=\"g-cols vc_row via_grid cols_1 laptops-cols_inherit tablets-cols_inherit mobiles-cols_1 valign_top type_default stacking_default\"><div class=\"wpb_column vc_column_container\"><div class=\"vc_column-inner\"><h1 class=\"w-post-elm post_title align_center entry-title color_link_inherit\">Deklaracja dost\u0119pno\u015bci<\/h1><div class=\"w-separator size_small\"><\/div><div class=\"wpb_text_column\"><div class=\"wpb_wrapper\"><p><strong><span id=\"a11y-podmiot\">Pozna\u0144ska Og\u00f3lnokszta\u0142c\u0105ca Szko\u0142a Muzyczna I stopnia Nr 2\u00a0<\/span><\/strong>zobowi\u0105zuje si\u0119 zapewni\u0107 dost\u0119pno\u015b\u0107 swojej strony internetowej zgodnie z przepisami ustawy z dnia 4 kwietnia 2019 r. o dost\u0119pno\u015bci cyfrowej stron internetowych i aplikacji mobilnych podmiot\u00f3w publicznych. O\u015bwiadczenie w sprawie dost\u0119pno\u015bci ma zastosowanie do strony internetowej\u00a0<a id=\"a11y-url\" href=\"https:\/\/konkurs-wilkomirski.pl\/\">https:\/\/konkurs-wilkomirski.pl<\/a><\/p>\n<p>Data publikacji strony internetowej:\u00a0<span id=\"a11y-data-publikacja\">2015-10-01<\/span><\/p>\n<p>Data ostatniej istotnej aktualizacji:\u00a0<span id=\"a11y-data-aktualizacja\">2021-03-04<\/span><\/p>\n<p>Strona internetowa jest\u00a0<strong>cz\u0119\u015bciowo zgodna<\/strong>\u00a0z ustaw\u0105 z dnia 4 kwietnia 2019 r. o dost\u0119pno\u015bci cyfrowej stron internetowych i aplikacji mobilnych podmiot\u00f3w publicznych z powodu niezgodno\u015bci lub wy\u0142\u0105cze\u0144 wymienionych poni\u017cej.<\/p>\n<ul>\n<li>Brak widocznego fokusa podczas przechodzenia do drugiego poziomu menu<\/li>\n<li>Brak ukrytego menu pozwalaj\u0105cego na przeskoczenie do konkretnego elementu strony www<\/li>\n<li>Na podstronach nie ma umieszczonej \u015bcie\u017cki powrotu<\/li>\n<li>Za niski kontrast dla niekt\u00f3rych element\u00f3w strony<\/li>\n<li>Mapa w zak\u0142adce kontakt nie jest dost\u0119pna<\/li>\n<li>Brak wyszukiwarki<\/li>\n<li>U\u0142atwienia dla os\u00f3b niepe\u0142nosprawnych nie dzia\u0142aj\u0105 przy wy\u0142\u0105czonej obs\u0142udze java script<\/li>\n<li>Nie wszystkie istotne elementy serwisu s\u0105 opisane zgodnie ze specyfikacj\u0105 WAI-ARIA<\/li>\n<\/ul>\n<p>Strona posiada nast\u0119puj\u0105ce u\u0142atwienia dla os\u00f3b z niepe\u0142nosprawno\u015bciami:<\/p>\n<ol>\n<li>wersj\u0119 kontrastow\u0105,<\/li>\n<li>mo\u017cliwo\u015b\u0107 zmiany rozmiaru tekstu,<\/li>\n<\/ol>\n<p>U\u0142atwienia z punktu pierwszego i drugiego s\u0105 dost\u0119pne w prawy dolnym rogu strony.<\/p>\n<p>O\u015bwiadczenie sporz\u0105dzono dnia:\u00a0<span id=\"a11y-data-sporzadzenie\">2020-03-04<\/span>. Deklaracj\u0119 sporz\u0105dzi\u0142a firma ComRaid s.c., kt\u00f3ra przeprowadzi\u0142a audyt.<\/p>\n<h4>Skr\u00f3ty klawiaturowe<\/h4>\n<p>Na stronie internetowej mo\u017cna u\u017cywa\u0107 standardowych skr\u00f3t\u00f3w klawiaturowych przegl\u0105darki.<\/p>\n<h4 id=\"a11y-kontakt\">Informacje zwrotne i dane kontaktowe<\/h4>\n<p>W przypadku problem\u00f3w z dost\u0119pno\u015bci\u0105 strony internetowej prosimy o kontakt. Osob\u0105 kontaktow\u0105 jest Agnieszka P\u0142aziak,\u00a0sekretariat@posm2.poznan.pl.\u00a0Kontaktowa\u0107 mo\u017cna si\u0119 tak\u017ce dzwoni\u0105c w godzinach pracy administracji na numer telefonu 618774526. T\u0105 sam\u0105 drog\u0105 mo\u017cna sk\u0142ada\u0107 wnioski o udost\u0119pnienie informacji niedost\u0119pnej oraz sk\u0142ada\u0107 skargi na brak zapewnienia dost\u0119pno\u015bci.<\/p>\n<p id=\"a11y-procedura\">Ka\u017cdy ma prawo do wyst\u0105pienia z \u017c\u0105daniem zapewnienia dost\u0119pno\u015bci cyfrowej strony internetowej, aplikacji mobilnej lub jakiego\u015b ich elementu. Mo\u017cna tak\u017ce za\u017c\u0105da\u0107 udost\u0119pnienia informacji w formach alternatywnych, na przyk\u0142ad odczytanie niedost\u0119pnego cyfrowo dokumentu, opisania zawarto\u015bci filmu bez audiodeskrypcji itp. \u017b\u0105danie powinno zawiera\u0107 dane osoby zg\u0142aszaj\u0105cej \u017c\u0105danie, wskazanie, o kt\u00f3r\u0105 stron\u0119 internetow\u0105 lub aplikacj\u0119 mobiln\u0105 chodzi oraz spos\u00f3b kontaktu. Je\u017celi osoba \u017c\u0105daj\u0105ca zg\u0142asza potrzeb\u0119 otrzymania informacji w formie alternatywnej, powinna tak\u017ce okre\u015bli\u0107 form\u0119 tej informacji.<\/p>\n<p>Podmiot publiczny powinien zrealizowa\u0107 \u017c\u0105danie niezw\u0142ocznie i nie p\u00f3\u017aniej, ni\u017c w ci\u0105gu 7 dni. Je\u017celi dotrzymanie tego terminu nie jest mo\u017cliwe, podmiot publiczny niezw\u0142ocznie informuje o tym, kiedy realizacja \u017c\u0105dania b\u0119dzie mo\u017cliwa, przy czym termin ten nie mo\u017ce by\u0107 d\u0142u\u017cszy ni\u017c 2 miesi\u0105ce. Je\u017celi zapewnienie dost\u0119pno\u015bci nie jest mo\u017cliwe, podmiot publiczny mo\u017ce zaproponowa\u0107 alternatywny spos\u00f3b dost\u0119pu do informacji.<\/p>\n<p>W przypadku, gdy podmiot odm\u00f3wi realizacji \u017c\u0105dania zapewnienia dost\u0119pno\u015bci lub alternatywnego dost\u0119pu do informacji, mo\u017cna z\u0142o\u017cy\u0107 skarg\u0119 na takie dzia\u0142anie.<\/p>\n<p>Po wyczerpaniu wszystkich mo\u017cliwo\u015bci skarg\u0119 mo\u017cna przes\u0142a\u0107 tak\u017ce do\u00a0Rzecznika Praw Obywatelskich. Na poni\u017cszej stronie zosta\u0142o wyja\u015bnione jak zg\u0142osi\u0107 si\u0119 do Rzecznika Praw Obywatelskich:\u00a0<a href=\"https:\/\/www.rpo.gov.pl\/content\/jak-zglosic-sie-do-rzecznika-praw-obywatelskich\">https:\/\/www.rpo.gov.pl\/content\/jak-zglosic-sie-do-rzecznika-praw-obywatelskich<\/a><\/p>\n<h4>Dane kontaktowe:<\/h4>\n<p>Pozna\u0144ska Og\u00f3lnokszta\u0142c\u0105ca<br \/>\nSzko\u0142a Muzyczna I stopnia Nr 2<br \/>\nul. Bydgoska 4, 61-127 Pozna\u0144<\/p>\n<\/div><\/div><\/div><\/div><\/div><\/div><\/section>\n","protected":false},"excerpt":{"rendered":"Deklaracja dost\u0119pno\u015bciPozna\u0144ska Og\u00f3lnokszta\u0142c\u0105ca Szko\u0142a Muzyczna I stopnia Nr 2\u00a0zobowi\u0105zuje si\u0119 zapewni\u0107 dost\u0119pno\u015b\u0107 swojej strony internetowej zgodnie z przepisami ustawy z dnia 4 kwietnia 2019 r. o dost\u0119pno\u015bci cyfrowej stron internetowych i aplikacji mobilnych podmiot\u00f3w publicznych. O\u015bwiadczenie w sprawie dost\u0119pno\u015bci ma zastosowanie do strony internetowej\u00a0https:\/\/konkurs-wilkomirski.pl Data publikacji strony internetowej:\u00a02015-10-01 Data ostatniej istotnej aktualizacji:\u00a02021-03-04 Strona internetowa jest\u00a0cz\u0119\u015bciowo...","protected":false},"author":1,"featured_media":0,"parent":0,"menu_order":0,"comment_status":"closed","ping_status":"closed","template":"","meta":{"footnotes":""},"class_list":["post-1729","page","type-page","status-publish","hentry"],"yoast_head":"<!-- This site is optimized with the Yoast SEO plugin v27.4 - https:\/\/yoast.com\/product\/yoast-seo-wordpress\/ -->\n<title>Deklaracja dost\u0119pno\u015bci - Konkurs Wi\u0142komirski<\/title>\n<meta name=\"robots\" content=\"index, follow, max-snippet:-1, max-image-preview:large, max-video-preview:-1\" \/>\n<link rel=\"canonical\" href=\"https:\/\/www.konkurs-wilkomirski.pl\/en\/deklaracja-dostepnosci\/\" \/>\n<meta property=\"og:locale\" content=\"en_US\" \/>\n<meta property=\"og:type\" content=\"article\" \/>\n<meta property=\"og:title\" content=\"Deklaracja dost\u0119pno\u015bci - Konkurs Wi\u0142komirski\" \/>\n<meta property=\"og:url\" content=\"https:\/\/www.konkurs-wilkomirski.pl\/en\/deklaracja-dostepnosci\/\" \/>\n<meta property=\"og:site_name\" content=\"Konkurs Wi\u0142komirski\" \/>\n<meta property=\"article:publisher\" content=\"https:\/\/www.facebook.com\/people\/Konkurs-Wiolonczelowy-K-Wikomirskiego\/100087049857948\/\" \/>\n<meta property=\"article:modified_time\" content=\"2022-11-08T13:13:20+00:00\" \/>\n<meta name=\"twitter:card\" content=\"summary_large_image\" \/>\n<meta name=\"twitter:label1\" content=\"Est. reading time\" \/>\n\t<meta name=\"twitter:data1\" content=\"3 minutes\" \/>\n<script type=\"application\/ld+json\" class=\"yoast-schema-graph\">{\"@context\":\"https:\\\/\\\/schema.org\",\"@graph\":[{\"@type\":\"WebPage\",\"@id\":\"https:\\\/\\\/www.konkurs-wilkomirski.pl\\\/en\\\/deklaracja-dostepnosci\\\/\",\"url\":\"https:\\\/\\\/www.konkurs-wilkomirski.pl\\\/en\\\/deklaracja-dostepnosci\\\/\",\"name\":\"Deklaracja dost\u0119pno\u015bci - Konkurs Wi\u0142komirski\",\"isPartOf\":{\"@id\":\"https:\\\/\\\/www.konkurs-wilkomirski.pl\\\/#website\"},\"datePublished\":\"2022-11-08T12:57:38+00:00\",\"dateModified\":\"2022-11-08T13:13:20+00:00\",\"breadcrumb\":{\"@id\":\"https:\\\/\\\/www.konkurs-wilkomirski.pl\\\/en\\\/deklaracja-dostepnosci\\\/#breadcrumb\"},\"inLanguage\":\"en-US\",\"potentialAction\":[{\"@type\":\"ReadAction\",\"target\":[\"https:\\\/\\\/www.konkurs-wilkomirski.pl\\\/en\\\/deklaracja-dostepnosci\\\/\"]}]},{\"@type\":\"BreadcrumbList\",\"@id\":\"https:\\\/\\\/www.konkurs-wilkomirski.pl\\\/en\\\/deklaracja-dostepnosci\\\/#breadcrumb\",\"itemListElement\":[{\"@type\":\"ListItem\",\"position\":1,\"name\":\"Strona g\u0142\u00f3wna\",\"item\":\"https:\\\/\\\/www.konkurs-wilkomirski.pl\\\/en\\\/\"},{\"@type\":\"ListItem\",\"position\":2,\"name\":\"Deklaracja dost\u0119pno\u015bci\"}]},{\"@type\":\"WebSite\",\"@id\":\"https:\\\/\\\/www.konkurs-wilkomirski.pl\\\/#website\",\"url\":\"https:\\\/\\\/www.konkurs-wilkomirski.pl\\\/\",\"name\":\"Konkurs Wi\u0142komirski\",\"description\":\"Konkurs Wi\u0142komirski POSM2\",\"publisher\":{\"@id\":\"https:\\\/\\\/www.konkurs-wilkomirski.pl\\\/#organization\"},\"potentialAction\":[{\"@type\":\"SearchAction\",\"target\":{\"@type\":\"EntryPoint\",\"urlTemplate\":\"https:\\\/\\\/www.konkurs-wilkomirski.pl\\\/?s={search_term_string}\"},\"query-input\":{\"@type\":\"PropertyValueSpecification\",\"valueRequired\":true,\"valueName\":\"search_term_string\"}}],\"inLanguage\":\"en-US\"},{\"@type\":\"Organization\",\"@id\":\"https:\\\/\\\/www.konkurs-wilkomirski.pl\\\/#organization\",\"name\":\"Pozna\u0144ska Og\u00f3lnokszta\u0142c\u0105ca Szko\u0142a Muzyczna I stopnia nr. 2 im. T. Szeligowskiego\",\"url\":\"https:\\\/\\\/www.konkurs-wilkomirski.pl\\\/\",\"logo\":{\"@type\":\"ImageObject\",\"inLanguage\":\"en-US\",\"@id\":\"https:\\\/\\\/www.konkurs-wilkomirski.pl\\\/#\\\/schema\\\/logo\\\/image\\\/\",\"url\":\"https:\\\/\\\/www.konkurs-wilkomirski.pl\\\/wp-content\\\/uploads\\\/2022\\\/11\\\/logo_KONKURS_WIOLON._fiolet.png\",\"contentUrl\":\"https:\\\/\\\/www.konkurs-wilkomirski.pl\\\/wp-content\\\/uploads\\\/2022\\\/11\\\/logo_KONKURS_WIOLON._fiolet.png\",\"width\":1024,\"height\":569,\"caption\":\"Pozna\u0144ska Og\u00f3lnokszta\u0142c\u0105ca Szko\u0142a Muzyczna I stopnia nr. 2 im. T. Szeligowskiego\"},\"image\":{\"@id\":\"https:\\\/\\\/www.konkurs-wilkomirski.pl\\\/#\\\/schema\\\/logo\\\/image\\\/\"},\"sameAs\":[\"https:\\\/\\\/www.facebook.com\\\/people\\\/Konkurs-Wiolonczelowy-K-Wikomirskiego\\\/100087049857948\\\/\"]}]}<\/script>\n<!-- \/ Yoast SEO plugin. -->","yoast_head_json":{"title":"Deklaracja dost\u0119pno\u015bci - Konkurs Wi\u0142komirski","robots":{"index":"index","follow":"follow","max-snippet":"max-snippet:-1","max-image-preview":"max-image-preview:large","max-video-preview":"max-video-preview:-1"},"canonical":"https:\/\/www.konkurs-wilkomirski.pl\/en\/deklaracja-dostepnosci\/","og_locale":"en_US","og_type":"article","og_title":"Deklaracja dost\u0119pno\u015bci - Konkurs Wi\u0142komirski","og_url":"https:\/\/www.konkurs-wilkomirski.pl\/en\/deklaracja-dostepnosci\/","og_site_name":"Konkurs Wi\u0142komirski","article_publisher":"https:\/\/www.facebook.com\/people\/Konkurs-Wiolonczelowy-K-Wikomirskiego\/100087049857948\/","article_modified_time":"2022-11-08T13:13:20+00:00","twitter_card":"summary_large_image","twitter_misc":{"Est. reading time":"3 minutes"},"schema":{"@context":"https:\/\/schema.org","@graph":[{"@type":"WebPage","@id":"https:\/\/www.konkurs-wilkomirski.pl\/en\/deklaracja-dostepnosci\/","url":"https:\/\/www.konkurs-wilkomirski.pl\/en\/deklaracja-dostepnosci\/","name":"Deklaracja dost\u0119pno\u015bci - Konkurs Wi\u0142komirski","isPartOf":{"@id":"https:\/\/www.konkurs-wilkomirski.pl\/#website"},"datePublished":"2022-11-08T12:57:38+00:00","dateModified":"2022-11-08T13:13:20+00:00","breadcrumb":{"@id":"https:\/\/www.konkurs-wilkomirski.pl\/en\/deklaracja-dostepnosci\/#breadcrumb"},"inLanguage":"en-US","potentialAction":[{"@type":"ReadAction","target":["https:\/\/www.konkurs-wilkomirski.pl\/en\/deklaracja-dostepnosci\/"]}]},{"@type":"BreadcrumbList","@id":"https:\/\/www.konkurs-wilkomirski.pl\/en\/deklaracja-dostepnosci\/#breadcrumb","itemListElement":[{"@type":"ListItem","position":1,"name":"Strona g\u0142\u00f3wna","item":"https:\/\/www.konkurs-wilkomirski.pl\/en\/"},{"@type":"ListItem","position":2,"name":"Deklaracja dost\u0119pno\u015bci"}]},{"@type":"WebSite","@id":"https:\/\/www.konkurs-wilkomirski.pl\/#website","url":"https:\/\/www.konkurs-wilkomirski.pl\/","name":"Konkurs Wi\u0142komirski","description":"Konkurs Wi\u0142komirski POSM2","publisher":{"@id":"https:\/\/www.konkurs-wilkomirski.pl\/#organization"},"potentialAction":[{"@type":"SearchAction","target":{"@type":"EntryPoint","urlTemplate":"https:\/\/www.konkurs-wilkomirski.pl\/?s={search_term_string}"},"query-input":{"@type":"PropertyValueSpecification","valueRequired":true,"valueName":"search_term_string"}}],"inLanguage":"en-US"},{"@type":"Organization","@id":"https:\/\/www.konkurs-wilkomirski.pl\/#organization","name":"Pozna\u0144ska Og\u00f3lnokszta\u0142c\u0105ca Szko\u0142a Muzyczna I stopnia nr. 2 im. T. Szeligowskiego","url":"https:\/\/www.konkurs-wilkomirski.pl\/","logo":{"@type":"ImageObject","inLanguage":"en-US","@id":"https:\/\/www.konkurs-wilkomirski.pl\/#\/schema\/logo\/image\/","url":"https:\/\/www.konkurs-wilkomirski.pl\/wp-content\/uploads\/2022\/11\/logo_KONKURS_WIOLON._fiolet.png","contentUrl":"https:\/\/www.konkurs-wilkomirski.pl\/wp-content\/uploads\/2022\/11\/logo_KONKURS_WIOLON._fiolet.png","width":1024,"height":569,"caption":"Pozna\u0144ska Og\u00f3lnokszta\u0142c\u0105ca Szko\u0142a Muzyczna I stopnia nr. 2 im. T. Szeligowskiego"},"image":{"@id":"https:\/\/www.konkurs-wilkomirski.pl\/#\/schema\/logo\/image\/"},"sameAs":["https:\/\/www.facebook.com\/people\/Konkurs-Wiolonczelowy-K-Wikomirskiego\/100087049857948\/"]}]}},"_links":{"self":[{"href":"https:\/\/www.konkurs-wilkomirski.pl\/en\/wp-json\/wp\/v2\/pages\/1729","targetHints":{"allow":["GET"]}}],"collection":[{"href":"https:\/\/www.konkurs-wilkomirski.pl\/en\/wp-json\/wp\/v2\/pages"}],"about":[{"href":"https:\/\/www.konkurs-wilkomirski.pl\/en\/wp-json\/wp\/v2\/types\/page"}],"author":[{"embeddable":true,"href":"https:\/\/www.konkurs-wilkomirski.pl\/en\/wp-json\/wp\/v2\/users\/1"}],"replies":[{"embeddable":true,"href":"https:\/\/www.konkurs-wilkomirski.pl\/en\/wp-json\/wp\/v2\/comments?post=1729"}],"version-history":[{"count":2,"href":"https:\/\/www.konkurs-wilkomirski.pl\/en\/wp-json\/wp\/v2\/pages\/1729\/revisions"}],"predecessor-version":[{"id":1731,"href":"https:\/\/www.konkurs-wilkomirski.pl\/en\/wp-json\/wp\/v2\/pages\/1729\/revisions\/1731"}],"wp:attachment":[{"href":"https:\/\/www.konkurs-wilkomirski.pl\/en\/wp-json\/wp\/v2\/media?parent=1729"}],"curies":[{"name":"wp","href":"https:\/\/api.w.org\/{rel}","templated":true}]}}