{"id":1732,"date":"2022-11-08T13:00:43","date_gmt":"2022-11-08T13:00:43","guid":{"rendered":"https:\/\/www.konkurs-wilkomirski.pl\/?page_id=1732"},"modified":"2022-11-08T13:16:10","modified_gmt":"2022-11-08T13:16:10","slug":"dane-osobowe","status":"publish","type":"page","link":"https:\/\/www.konkurs-wilkomirski.pl\/en\/dane-osobowe\/","title":{"rendered":"Informacja o przetwarzaniu danych osobowych"},"content":{"rendered":"<section class=\"l-section wpb_row height_large\"><div class=\"l-section-h i-cf\"><div class=\"g-cols vc_row via_grid cols_1 laptops-cols_inherit tablets-cols_inherit mobiles-cols_1 valign_top type_default stacking_default\"><div class=\"wpb_column vc_column_container\"><div class=\"vc_column-inner\"><h1 class=\"w-post-elm post_title align_center entry-title color_link_inherit\">Informacja o przetwarzaniu danych osobowych<\/h1><div class=\"w-separator size_small\"><\/div><div class=\"wpb_text_column\"><div class=\"wpb_wrapper\"><p>Pozna\u0144, 1 czerwca 2018<\/p>\n<p><strong><u>INFORMACJA O PRZETWARZANIU DANYCH OSOBOWYCH<\/u><\/strong><\/p>\n<p><strong>Zgodnie z art. 13 ust. 1 i 2 Rozporz\u0105dzenia Parlamentu Europejskiego i Rady (UE) 2016\/679 z dnia 27 kwietnia 2016 r. w sprawie ochrony os\u00f3b fizycznych w zwi\u0105zku z\u00a0przetwarzaniem danych osobowych i w sprawie swobodnego przep\u0142ywu takich danych oraz uchylenia dyrektywy 95\/46\/WE (RODO) informujemy:<\/strong><\/p>\n<p><strong>\u00a0<\/strong><\/p>\n<table>\n<tbody>\n<tr>\n<td><strong>Kto jest administratorem danych osobowych?<\/strong><\/td>\n<td>Administratorem Pa\u0144stwa danych osobowych oraz danych osobowych Pa\u0144stwa dzieci, jest\u00a0<strong>Pozna\u0144ska Og\u00f3lnokszta\u0142c\u0105ca Szko\u0142a Muzyczna I st. Nr 2 im. Tadeusza Szeligowskiego<\/strong>\u00a0w Poznaniu z siedzib\u0105\u00a0<strong>przy ul. Bydgoskiej 4.<\/strong><em>.<\/em><\/td>\n<\/tr>\n<tr>\n<td><strong>Z kim mo\u017cna si\u0119 kontaktowa\u0107 w sprawie przetwarzania danych osobowych?<\/strong><\/td>\n<td>We wszystkich sprawach zwi\u0105zanych z ochron\u0105 i przetwarzaniem danych osobowych mog\u0105 si\u0119 Pa\u0144stwo kontaktowa\u0107 z Inspektorem Ochrony Danych.<\/p>\n<p>Kontakt:<\/p>\n<p>IOD:\u00a0<em>Marzena Banasiak-Mrozek\u00a0<\/em><strong>iod2_oswiata@um.poznan.pl<\/strong><\/p>\n<p>Zast\u0119pca IOD:\u00a0<em>Jan Luci\u0144ski<\/em>\u00a0<strong>iod7_oswiata@um.poznan.pl<\/strong><\/td>\n<\/tr>\n<tr>\n<td><strong>W jakim celu i na jakiej podstawie b\u0119d\u0105 przetwarzane dane osobowe?<\/strong><\/td>\n<td>Dane osobowe b\u0119d\u0105 przetwarzane na podstawie obowi\u0105zku prawnego ci\u0105\u017c\u0105cego na Administratorze\u00a0<strong>(art. 6 ust. 1 lit. c oraz art. 9 ust. 2 lit. g RODO)<\/strong>, w zwi\u0105zku z przepisami m.in. Prawa o\u015bwiatowego oraz ustawy o\u00a0systemie o\u015bwiaty i akt\u00f3w wykonawczych do tych ustaw oraz statutu plac\u00f3wki, w szczeg\u00f3lno\u015bci w celu<strong>:<\/strong>\u00b7\u00a0\u00a0\u00a0\u00a0\u00a0\u00a0\u00a0\u00a0 realizacji obowi\u0105zku nauki, w tym r\u00f3wnie\u017c edukacji artystycznej,<\/p>\n<p>\u00b7\u00a0\u00a0\u00a0\u00a0\u00a0\u00a0\u00a0\u00a0 rozwijania zainteresowa\u0144 i uzdolnie\u0144 artystycznych uczni\u00f3w,<\/p>\n<p>\u00b7\u00a0\u00a0\u00a0\u00a0\u00a0\u00a0\u00a0\u00a0 prowadzenia dziennika zaj\u0119\u0107 lub innych dziennik\u00f3w wymaganych przepisami prawa,<\/p>\n<p>\u00b7\u00a0\u00a0\u00a0\u00a0\u00a0\u00a0\u00a0\u00a0 prowadzenia ksi\u0119gi uczni\u00f3w i ksi\u0119gi arkusza ocen,<\/p>\n<p>\u00b7\u00a0\u00a0\u00a0\u00a0\u00a0\u00a0\u00a0\u00a0 wydawania\u00a0 i prowadzenia ewidencji\u00a0 wydanych \u015bwiadectw uko\u0144czenia szko\u0142y, indeks\u00f3w, legitymacji szkolnych i e-legitymacji szkolnych, a tak\u017ce \u015bwiadectw dojrza\u0142o\u015bci, aneks\u00f3w do \u015bwiadectw dojrza\u0142o\u015bci, \u015bwiadectw potwierdzaj\u0105cych kwalifikacj\u0119 w zawodzie, dyplom\u00f3w, za\u015bwiadcze\u0144 o wynikach egzaminu maturalnego,<\/p>\n<p>\u00b7\u00a0\u00a0\u00a0\u00a0\u00a0\u00a0\u00a0\u00a0 organizacji wycieczek,<\/p>\n<p>\u00b7\u00a0\u00a0\u00a0\u00a0\u00a0\u00a0\u00a0\u00a0 organizacji konkurs\u00f3w,<\/p>\n<p>\u00b7\u00a0\u00a0\u00a0\u00a0\u00a0\u00a0\u00a0\u00a0 zapewnienia bezpiecze\u0144stwa i higieny oraz\u00a0wyja\u015bniania ewentualnych wypadk\u00f3w os\u00f3b pozostaj\u0105cych pod opiek\u0105 plac\u00f3wki,<\/p>\n<p>\u00b7\u00a0\u00a0\u00a0\u00a0\u00a0\u00a0\u00a0\u00a0 zapewnienia wsp\u00f3\u0142pracy z uczelniami,<\/p>\n<p>\u00b7\u00a0\u00a0\u00a0\u00a0\u00a0\u00a0\u00a0\u00a0 prowadzenia sto\u0142\u00f3wki lub internatu,<\/p>\n<p>\u00b7\u00a0\u00a0\u00a0\u00a0\u00a0\u00a0\u00a0\u00a0 prowadzenia biblioteki,<\/p>\n<p>\u00b7\u00a0\u00a0\u00a0\u00a0\u00a0\u00a0\u00a0\u00a0 organizacji dodatkowych wydarze\u0144 dla uczni\u00f3w.<\/p>\n<p>&nbsp;<\/td>\n<\/tr>\n<tr>\n<td><strong>Przez jaki okres b\u0119d\u0105 przechowywane dane osobowe?<\/strong><\/td>\n<td>Dane po zrealizowaniu celu, dla kt\u00f3rego zosta\u0142y zebrane, b\u0119d\u0105 przetwarzane do cel\u00f3w archiwalnych i przechowywane przez okres niezb\u0119dny do zrealizowania przepis\u00f3w dotycz\u0105cych archiwizowania danych obowi\u0105zuj\u0105cych u Administratora.<\/td>\n<\/tr>\n<tr>\n<td><strong>Komu mog\u0105 by\u0107 przekazywane dane osobowe?<\/strong><\/td>\n<td>Dane osobowe mog\u0105 zosta\u0107 przekazane podmiotom, z kt\u00f3rymi wsp\u00f3\u0142pracuje Administrator, tj. dostawcom system\u00f3w informatycznych, podmiotom zapewniaj\u0105cym asyst\u0119 i wsparcie techniczne dla system\u00f3w informatycznych, firmom \u015bwiadcz\u0105cym us\u0142ugi archiwizacji i niszczenia dokument\u00f3w, firmom transportowym i \u015bwiadcz\u0105cym us\u0142ugi noclegowe, firmom ubezpieczeniowym, podmiotom zapewniaj\u0105cym obs\u0142ug\u0119 prawn\u0105, administracyjn\u0105 i ksi\u0119gow\u0105, innym szko\u0142om oraz plac\u00f3wkom o\u015bwiaty, uczelniom wsp\u00f3\u0142pracuj\u0105cym, piel\u0119gniarce, higienistce i stomatologowi szkolnemu, organowi prowadz\u0105cemu \u2013 Miasto Pozna\u0144, Kuratorium O\u015bwiaty, Ministerstwu Edukacji Narodowej oraz podmiotom uprawnionym do tego na mocy odr\u0119bnych przepis\u00f3w prawa.<\/td>\n<\/tr>\n<tr>\n<td><strong>Jakie prawa przys\u0142uguj\u0105 w zwi\u0105zku z ochron\u0105 danych osobowych?<\/strong><\/td>\n<td>Osoby, kt\u00f3rych dane dotycz\u0105, maj\u0105 prawo do:\u00b7\u00a0\u00a0\u00a0\u00a0\u00a0\u00a0\u00a0\u00a0\u00a0 dost\u0119pu do tre\u015bci swoich danych osobowych;<\/p>\n<p>\u00b7\u00a0\u00a0\u00a0\u00a0\u00a0\u00a0\u00a0\u00a0\u00a0 \u017c\u0105dania sprostowania danych, kt\u00f3re s\u0105 nieprawid\u0142owe;<\/p>\n<p>\u00b7\u00a0\u00a0\u00a0\u00a0\u00a0\u00a0\u00a0\u00a0\u00a0 \u017c\u0105dania usuni\u0119cia danych, gdy:<\/p>\n<p>\u2013 dane nie s\u0105 niezb\u0119dne do cel\u00f3w, dla kt\u00f3rych zosta\u0142y<br \/>\nzebrane,<\/p>\n<p>\u2013 dane przetwarzane s\u0105 niezgodnie z prawem;<\/p>\n<p>\u00b7\u00a0\u00a0\u00a0\u00a0\u00a0\u00a0\u00a0\u00a0\u00a0\u00a0 \u017c\u0105dania ograniczenia przetwarzania, gdy:<\/p>\n<p>\u2013 osoby te kwestionuj\u0105 prawid\u0142owo\u015b\u0107 danych,<\/p>\n<p>\u2013 przetwarzanie jest niezgodne z prawem, a osoby te<br \/>\nsprzeciwiaj\u0105 si\u0119 usuni\u0119ciu danych,<\/p>\n<p>\u2013 Administrator nie potrzebuje ju\u017c danych osobowych<br \/>\ndo\u00a0cel\u00f3w przetwarzania, ale s\u0105 one potrzebne osobom,<br \/>\nkt\u00f3rych dane dotycz\u0105, do ustalenia, dochodzenia lub<br \/>\nobrony roszcze\u0144.<\/p>\n<p>Przys\u0142uguje Pa\u0144stwu r\u00f3wnie\u017c prawo do wniesienia skargi do\u00a0organu nadzorczego, tj. Prezesa Urz\u0119du Ochrony Danych Osobowych.<\/td>\n<\/tr>\n<tr>\n<td><strong>Czy dane osobowe s\u0105 przekazywane poza EOG?<\/strong><\/td>\n<td>Administrator nie przesy\u0142a danych osobowych do kraj\u00f3w spoza Europejskiego Obszaru Gospodarczego (EOG).<\/td>\n<\/tr>\n<tr>\n<td><strong>Czy dane osobowe wykorzystuje si\u0119 do profilowania?<\/strong><\/td>\n<td>Dane osobowe nie s\u0105 wykorzystywane do zautomatyzowanego podejmowania decyzji, w tym do profilowania.<\/td>\n<\/tr>\n<tr>\n<td><strong>Czy podawanie danych osobowych jest konieczne?<\/strong><\/td>\n<td>Podanie przez Pa\u0144stwa danych osobowych jest wymagane przepisami prawa.<\/td>\n<\/tr>\n<\/tbody>\n<\/table>\n<\/div><\/div><\/div><\/div><\/div><\/div><\/section>\n","protected":false},"excerpt":{"rendered":"Informacja o przetwarzaniu danych osobowychPozna\u0144, 1 czerwca 2018 INFORMACJA O PRZETWARZANIU DANYCH OSOBOWYCH Zgodnie z art. 13 ust. 1 i 2 Rozporz\u0105dzenia Parlamentu Europejskiego i Rady (UE) 2016\/679 z dnia 27 kwietnia 2016 r. w sprawie ochrony os\u00f3b fizycznych w zwi\u0105zku z\u00a0przetwarzaniem danych osobowych i w sprawie swobodnego przep\u0142ywu takich danych oraz uchylenia dyrektywy 95\/46\/WE...","protected":false},"author":1,"featured_media":0,"parent":0,"menu_order":0,"comment_status":"closed","ping_status":"closed","template":"","meta":{"footnotes":""},"class_list":["post-1732","page","type-page","status-publish","hentry"],"yoast_head":"<!-- This site is optimized with the Yoast SEO plugin v27.4 - https:\/\/yoast.com\/product\/yoast-seo-wordpress\/ -->\n<title>Informacja o przetwarzaniu danych osobowych - Konkurs Wi\u0142komirski<\/title>\n<meta name=\"robots\" content=\"index, follow, max-snippet:-1, max-image-preview:large, max-video-preview:-1\" \/>\n<link rel=\"canonical\" href=\"https:\/\/www.konkurs-wilkomirski.pl\/en\/dane-osobowe\/\" \/>\n<meta property=\"og:locale\" content=\"en_US\" \/>\n<meta property=\"og:type\" content=\"article\" \/>\n<meta property=\"og:title\" content=\"Informacja o przetwarzaniu danych osobowych - Konkurs Wi\u0142komirski\" \/>\n<meta property=\"og:url\" content=\"https:\/\/www.konkurs-wilkomirski.pl\/en\/dane-osobowe\/\" \/>\n<meta property=\"og:site_name\" content=\"Konkurs Wi\u0142komirski\" \/>\n<meta property=\"article:publisher\" content=\"https:\/\/www.facebook.com\/people\/Konkurs-Wiolonczelowy-K-Wikomirskiego\/100087049857948\/\" \/>\n<meta property=\"article:modified_time\" content=\"2022-11-08T13:16:10+00:00\" \/>\n<meta name=\"twitter:card\" content=\"summary_large_image\" \/>\n<meta name=\"twitter:label1\" content=\"Est. reading time\" \/>\n\t<meta name=\"twitter:data1\" content=\"3 minutes\" \/>\n<script type=\"application\/ld+json\" class=\"yoast-schema-graph\">{\"@context\":\"https:\\\/\\\/schema.org\",\"@graph\":[{\"@type\":\"WebPage\",\"@id\":\"https:\\\/\\\/www.konkurs-wilkomirski.pl\\\/en\\\/dane-osobowe\\\/\",\"url\":\"https:\\\/\\\/www.konkurs-wilkomirski.pl\\\/en\\\/dane-osobowe\\\/\",\"name\":\"Informacja o przetwarzaniu danych osobowych - Konkurs Wi\u0142komirski\",\"isPartOf\":{\"@id\":\"https:\\\/\\\/www.konkurs-wilkomirski.pl\\\/#website\"},\"datePublished\":\"2022-11-08T13:00:43+00:00\",\"dateModified\":\"2022-11-08T13:16:10+00:00\",\"breadcrumb\":{\"@id\":\"https:\\\/\\\/www.konkurs-wilkomirski.pl\\\/en\\\/dane-osobowe\\\/#breadcrumb\"},\"inLanguage\":\"en-US\",\"potentialAction\":[{\"@type\":\"ReadAction\",\"target\":[\"https:\\\/\\\/www.konkurs-wilkomirski.pl\\\/en\\\/dane-osobowe\\\/\"]}]},{\"@type\":\"BreadcrumbList\",\"@id\":\"https:\\\/\\\/www.konkurs-wilkomirski.pl\\\/en\\\/dane-osobowe\\\/#breadcrumb\",\"itemListElement\":[{\"@type\":\"ListItem\",\"position\":1,\"name\":\"Strona g\u0142\u00f3wna\",\"item\":\"https:\\\/\\\/www.konkurs-wilkomirski.pl\\\/en\\\/\"},{\"@type\":\"ListItem\",\"position\":2,\"name\":\"Informacja o przetwarzaniu danych osobowych\"}]},{\"@type\":\"WebSite\",\"@id\":\"https:\\\/\\\/www.konkurs-wilkomirski.pl\\\/#website\",\"url\":\"https:\\\/\\\/www.konkurs-wilkomirski.pl\\\/\",\"name\":\"Konkurs Wi\u0142komirski\",\"description\":\"Konkurs Wi\u0142komirski POSM2\",\"publisher\":{\"@id\":\"https:\\\/\\\/www.konkurs-wilkomirski.pl\\\/#organization\"},\"potentialAction\":[{\"@type\":\"SearchAction\",\"target\":{\"@type\":\"EntryPoint\",\"urlTemplate\":\"https:\\\/\\\/www.konkurs-wilkomirski.pl\\\/?s={search_term_string}\"},\"query-input\":{\"@type\":\"PropertyValueSpecification\",\"valueRequired\":true,\"valueName\":\"search_term_string\"}}],\"inLanguage\":\"en-US\"},{\"@type\":\"Organization\",\"@id\":\"https:\\\/\\\/www.konkurs-wilkomirski.pl\\\/#organization\",\"name\":\"Pozna\u0144ska Og\u00f3lnokszta\u0142c\u0105ca Szko\u0142a Muzyczna I stopnia nr. 2 im. T. Szeligowskiego\",\"url\":\"https:\\\/\\\/www.konkurs-wilkomirski.pl\\\/\",\"logo\":{\"@type\":\"ImageObject\",\"inLanguage\":\"en-US\",\"@id\":\"https:\\\/\\\/www.konkurs-wilkomirski.pl\\\/#\\\/schema\\\/logo\\\/image\\\/\",\"url\":\"https:\\\/\\\/www.konkurs-wilkomirski.pl\\\/wp-content\\\/uploads\\\/2022\\\/11\\\/logo_KONKURS_WIOLON._fiolet.png\",\"contentUrl\":\"https:\\\/\\\/www.konkurs-wilkomirski.pl\\\/wp-content\\\/uploads\\\/2022\\\/11\\\/logo_KONKURS_WIOLON._fiolet.png\",\"width\":1024,\"height\":569,\"caption\":\"Pozna\u0144ska Og\u00f3lnokszta\u0142c\u0105ca Szko\u0142a Muzyczna I stopnia nr. 2 im. T. Szeligowskiego\"},\"image\":{\"@id\":\"https:\\\/\\\/www.konkurs-wilkomirski.pl\\\/#\\\/schema\\\/logo\\\/image\\\/\"},\"sameAs\":[\"https:\\\/\\\/www.facebook.com\\\/people\\\/Konkurs-Wiolonczelowy-K-Wikomirskiego\\\/100087049857948\\\/\"]}]}<\/script>\n<!-- \/ Yoast SEO plugin. -->","yoast_head_json":{"title":"Informacja o przetwarzaniu danych osobowych - Konkurs Wi\u0142komirski","robots":{"index":"index","follow":"follow","max-snippet":"max-snippet:-1","max-image-preview":"max-image-preview:large","max-video-preview":"max-video-preview:-1"},"canonical":"https:\/\/www.konkurs-wilkomirski.pl\/en\/dane-osobowe\/","og_locale":"en_US","og_type":"article","og_title":"Informacja o przetwarzaniu danych osobowych - Konkurs Wi\u0142komirski","og_url":"https:\/\/www.konkurs-wilkomirski.pl\/en\/dane-osobowe\/","og_site_name":"Konkurs Wi\u0142komirski","article_publisher":"https:\/\/www.facebook.com\/people\/Konkurs-Wiolonczelowy-K-Wikomirskiego\/100087049857948\/","article_modified_time":"2022-11-08T13:16:10+00:00","twitter_card":"summary_large_image","twitter_misc":{"Est. reading time":"3 minutes"},"schema":{"@context":"https:\/\/schema.org","@graph":[{"@type":"WebPage","@id":"https:\/\/www.konkurs-wilkomirski.pl\/en\/dane-osobowe\/","url":"https:\/\/www.konkurs-wilkomirski.pl\/en\/dane-osobowe\/","name":"Informacja o przetwarzaniu danych osobowych - Konkurs Wi\u0142komirski","isPartOf":{"@id":"https:\/\/www.konkurs-wilkomirski.pl\/#website"},"datePublished":"2022-11-08T13:00:43+00:00","dateModified":"2022-11-08T13:16:10+00:00","breadcrumb":{"@id":"https:\/\/www.konkurs-wilkomirski.pl\/en\/dane-osobowe\/#breadcrumb"},"inLanguage":"en-US","potentialAction":[{"@type":"ReadAction","target":["https:\/\/www.konkurs-wilkomirski.pl\/en\/dane-osobowe\/"]}]},{"@type":"BreadcrumbList","@id":"https:\/\/www.konkurs-wilkomirski.pl\/en\/dane-osobowe\/#breadcrumb","itemListElement":[{"@type":"ListItem","position":1,"name":"Strona g\u0142\u00f3wna","item":"https:\/\/www.konkurs-wilkomirski.pl\/en\/"},{"@type":"ListItem","position":2,"name":"Informacja o przetwarzaniu danych osobowych"}]},{"@type":"WebSite","@id":"https:\/\/www.konkurs-wilkomirski.pl\/#website","url":"https:\/\/www.konkurs-wilkomirski.pl\/","name":"Konkurs Wi\u0142komirski","description":"Konkurs Wi\u0142komirski POSM2","publisher":{"@id":"https:\/\/www.konkurs-wilkomirski.pl\/#organization"},"potentialAction":[{"@type":"SearchAction","target":{"@type":"EntryPoint","urlTemplate":"https:\/\/www.konkurs-wilkomirski.pl\/?s={search_term_string}"},"query-input":{"@type":"PropertyValueSpecification","valueRequired":true,"valueName":"search_term_string"}}],"inLanguage":"en-US"},{"@type":"Organization","@id":"https:\/\/www.konkurs-wilkomirski.pl\/#organization","name":"Pozna\u0144ska Og\u00f3lnokszta\u0142c\u0105ca Szko\u0142a Muzyczna I stopnia nr. 2 im. T. Szeligowskiego","url":"https:\/\/www.konkurs-wilkomirski.pl\/","logo":{"@type":"ImageObject","inLanguage":"en-US","@id":"https:\/\/www.konkurs-wilkomirski.pl\/#\/schema\/logo\/image\/","url":"https:\/\/www.konkurs-wilkomirski.pl\/wp-content\/uploads\/2022\/11\/logo_KONKURS_WIOLON._fiolet.png","contentUrl":"https:\/\/www.konkurs-wilkomirski.pl\/wp-content\/uploads\/2022\/11\/logo_KONKURS_WIOLON._fiolet.png","width":1024,"height":569,"caption":"Pozna\u0144ska Og\u00f3lnokszta\u0142c\u0105ca Szko\u0142a Muzyczna I stopnia nr. 2 im. T. Szeligowskiego"},"image":{"@id":"https:\/\/www.konkurs-wilkomirski.pl\/#\/schema\/logo\/image\/"},"sameAs":["https:\/\/www.facebook.com\/people\/Konkurs-Wiolonczelowy-K-Wikomirskiego\/100087049857948\/"]}]}},"_links":{"self":[{"href":"https:\/\/www.konkurs-wilkomirski.pl\/en\/wp-json\/wp\/v2\/pages\/1732","targetHints":{"allow":["GET"]}}],"collection":[{"href":"https:\/\/www.konkurs-wilkomirski.pl\/en\/wp-json\/wp\/v2\/pages"}],"about":[{"href":"https:\/\/www.konkurs-wilkomirski.pl\/en\/wp-json\/wp\/v2\/types\/page"}],"author":[{"embeddable":true,"href":"https:\/\/www.konkurs-wilkomirski.pl\/en\/wp-json\/wp\/v2\/users\/1"}],"replies":[{"embeddable":true,"href":"https:\/\/www.konkurs-wilkomirski.pl\/en\/wp-json\/wp\/v2\/comments?post=1732"}],"version-history":[{"count":3,"href":"https:\/\/www.konkurs-wilkomirski.pl\/en\/wp-json\/wp\/v2\/pages\/1732\/revisions"}],"predecessor-version":[{"id":1738,"href":"https:\/\/www.konkurs-wilkomirski.pl\/en\/wp-json\/wp\/v2\/pages\/1732\/revisions\/1738"}],"wp:attachment":[{"href":"https:\/\/www.konkurs-wilkomirski.pl\/en\/wp-json\/wp\/v2\/media?parent=1732"}],"curies":[{"name":"wp","href":"https:\/\/api.w.org\/{rel}","templated":true}]}}