{"id":1735,"date":"2022-11-08T13:02:34","date_gmt":"2022-11-08T13:02:34","guid":{"rendered":"https:\/\/www.konkurs-wilkomirski.pl\/?page_id=1735"},"modified":"2022-11-08T13:16:48","modified_gmt":"2022-11-08T13:16:48","slug":"cookies","status":"publish","type":"page","link":"https:\/\/www.konkurs-wilkomirski.pl\/en\/cookies\/","title":{"rendered":"Polityka wykorzystywania plik\u00f3w cookies"},"content":{"rendered":"<section class=\"l-section wpb_row height_large\"><div class=\"l-section-h i-cf\"><div class=\"g-cols vc_row via_grid cols_1 laptops-cols_inherit tablets-cols_inherit mobiles-cols_1 valign_top type_default stacking_default\"><div class=\"wpb_column vc_column_container\"><div class=\"vc_column-inner\"><h1 class=\"w-post-elm post_title align_center entry-title color_link_inherit\">Polityka wykorzystywania plik\u00f3w cookies<\/h1><div class=\"w-separator size_small\"><\/div><div class=\"wpb_text_column\"><div class=\"wpb_wrapper\"><p><strong>Gromadzenie i wykorzystywanie danych<\/strong><\/p>\n<p>Serwis nie zbiera w spos\u00f3b automatyczny \u017cadnych informacji, z wyj\u0105tkiem informacji zawartych w plikach cookies.<br \/>\nPliki cookies (w dos\u0142ownym t\u0142umaczeniu z j. angielskiego: ciasteczka) s\u0105 to ma\u0142e pliki tekstowe, przesy\u0142ane do urz\u0105dzenia u\u017cytkownika ko\u0144cowego podczas odwiedzania przez niego serwisu internetowego. Pliki cookies zawieraj\u0105 m.in. adres strony internetowej z kt\u00f3rej pochodz\u0105, ustawienia dokonane przez u\u017cytkownika serwisu dotycz\u0105ce uk\u0142adu strony, rozmiaru tekstu, kolor\u00f3w, wersji kontrastowej, dane wpisywane do formularzy oraz warto\u015b\u0107, kt\u00f3r\u0105 jest zazwyczaj automatycznie wygenerowana unikalna liczba. Mechanizm cookies nie pobiera jakichkolwiek danych osobowych ani \u017cadnych informacji poufnych z urz\u0105dzenia u\u017cytkownika ko\u0144cowego.<\/p>\n<p>Powy\u017csze dane nie s\u0105 kojarzone z konkretnymi osobami przegl\u0105daj\u0105cymi nasz serwis. Celem zapewnienia najwy\u017cszej jako\u015bci serwisu, dokonujemy analizy plik\u00f3w z logami w celu okre\u015blenia czy struktura strony nie zawiera b\u0142\u0119d\u00f3w, jakie podstrony przegl\u0105dane s\u0105 najcz\u0119\u015bciej itp.<br \/>\nZebrane logi przechowywane s\u0105 przez czas nieokre\u015blony, jako materia\u0142 pomocniczy s\u0142u\u017c\u0105cy do administrowania serwisem. Informacje w nich zawarte nie s\u0105 ujawniane nikomu poza osobami upowa\u017cnionymi do administrowania serwerem. Na ich podstawie mog\u0105 by\u0107 generowane statystyki stanowi\u0105ce pomoc w administrowaniu. Zbiorcze zestawienia w postaci statystyk nie zawieraj\u0105 \u017cadnych danych identyfikuj\u0105cych osoby odwiedzaj\u0105ce serwis.<\/p>\n<p><strong>Korzystaj\u0105c z serwisu internetowego u\u017cytkownik ko\u0144cowy wyra\u017ca zgod\u0119 na wykorzystywanie plik\u00f3w cookies.<\/strong><\/p>\n<p>U\u017cytkownik ko\u0144cowy ma mo\u017cliwo\u015b\u0107 korzystania z serwisu internetowego bez wykorzystywania plik\u00f3w cookies, ale oznacza to, \u017ce niekt\u00f3re funkcje serwisu nie b\u0119d\u0105 dzia\u0142a\u0107 poprawnie. U\u017cytkownik ko\u0144cowy mo\u017ce samodzielnie i w ka\u017cdym czasie zmieni\u0107 ustawienia dotycz\u0105ce plik\u00f3w cookies, jak r\u00f3wnie\u017c mo\u017ce usun\u0105\u0107 pliki cookies korzystaj\u0105c z dost\u0119pnych funkcji w przegl\u0105darce internetowej, kt\u00f3rej u\u017cywa. W przypadku nie wyra\u017cenia zgody na korzystanie z plik\u00f3w cookies, u\u017cytkownik ko\u0144cowy winien zaznaczy\u0107 w ustawieniach przegl\u0105darki opcj\u0119 odrzucania plik\u00f3w cookies lub sygnalizowania ich przes\u0142ania.<\/p>\n<p><strong>Niniejszy serwis internetowy mo\u017ce stosowa\u0107 nast\u0119puj\u0105ce pliki cookies:<\/strong><\/p>\n<p>pliki uwierzytelniaj\u0105ce \u2013 wykorzystywane do us\u0142ug wymagaj\u0105cych uwierzytelniania u\u017cytkownika ko\u0144cowego w serwisie internetowym oraz do wykrywania nadu\u017cy\u0107 w zakresie uwierzytelniania w ramach serwisu;<br \/>\npliki statystyczne \u2013 wykorzystywane do zbierania informacji o sposobie korzystania u\u017cytkownika ko\u0144cowego z serwisu internetowego;<br \/>\npliki funkcjonalne \u2013 wykorzystywane do zapami\u0119tania wybranych przez u\u017cytkownika ko\u0144cowego ustawie\u0144 i personalizacj\u0119 interfejsu u\u017cytkownika, np. w zakresie wybranego j\u0119zyka, rozmiaru czcionki, wygl\u0105du strony internetowej, itp.<\/p>\n<p>W celu zarz\u0105dzania ustawieniami plik\u00f3w cookies wybierz z listy oficjalnych stron internetowych producent\u00f3w najcz\u0119\u015bciej u\u017cywanych przegl\u0105darek internetowych aplikacj\u0119, kt\u00f3rej u\u017cywasz i post\u0119puj zgodnie z instrukcjami producenta:<\/p>\n<p>Internet Explorer \u2013 http:\/\/support.microsoft.com\/<br \/>\nChrome \u2013 http:\/\/support.google.com\/chrome\/<br \/>\nSafari \u2013 http:\/\/support.apple.com\/<br \/>\nFirefox \u2013 http:\/\/support.mozilla.org\/pl\/<br \/>\nOpera \u2013 http:\/\/help.opera.com\/Windows\/<\/p>\n<p>Urz\u0105dzenia mobilne:<\/p>\n<p>Android \u2013 http:\/\/support.google.com\/chrome\/<br \/>\nSafari \u2013 http:\/\/support.apple.com\/<br \/>\nWindows Phone \u2013 http:\/\/www.windowsphone.com\/pl-pl\/how-to\/<\/p>\n<p><strong>Narz\u0119dzia i tre\u015b\u0107 z innych firm<\/strong><\/p>\n<p>Niniejszy serwis internetowy mo\u017ce zawiera\u0107 przyciski, narz\u0119dzia lub tre\u015bci kieruj\u0105ce do us\u0142ug innych firm, m.in. Facebook (przycisk \u201eLubi\u0119 to\u201d), Google (Google Maps, Google Analitycs, Google Translate), Youtube (filmy), IVONA Software (webreader), Stat24 (statystyki), Payu (p\u0142atno\u015bci elektroniczne). Korzystanie z aplikacji innych firm mo\u017ce powodowa\u0107 przesy\u0142anie informacji do urz\u0105dzenia u\u017cytkownika ko\u0144cowego przez zewn\u0119trzny podmiot. Informacji na temat wykorzystania plik\u00f3w cookies przez zewn\u0119trzne aplikacje nale\u017cy szuka\u0107 w polityce prywatno\u015bci danego podmiotu.<\/p>\n<p><strong>Prawa autorskie<\/strong><\/p>\n<p>Zawarto\u015b\u0107 serwisu internetowego (teksty, grafiki, muzyka, filmy) oraz wszystkie jej fragmenty a tak\u017ce mechanizmy i oprogramowanie u\u017cywane w serwisie internetowym s\u0105 obj\u0119te ochron\u0105, wynikaj\u0105c\u0105 z przepis\u00f3w polskiego i mi\u0119dzynarodowego prawa autorskiego.<\/p>\n<p>Zgodnie z przepisami prawa autorskiego oraz przepisami o ochronie baz danych, u\u017cytkownik ko\u0144cowy otrzymuje niewy\u0142\u0105czn\u0105, ograniczon\u0105 licencj\u0119 na korzystanie z serwisu wy\u0142\u0105cznie w celach prywatnych, bez mo\u017cliwo\u015bci samodzielnego pobierania lub zapisywania stron oraz dokonywania ich modyfikacji.<\/p>\n<p>U\u017cytkownik ko\u0144cowy serwisu internetowego, bez zgody w\u0142a\u015bciciela serwisu nie posiada prawa do odsprzeda\u017cy lub wykorzystania w celach komercyjnych serwisu internetowego i jego zawarto\u015bci.<\/p>\n<p>W\u0142a\u015bciciel serwisu internetowego udziela ograniczonego, odwo\u0142ywalnego, niewy\u0142\u0105cznego prawa do tworzenia linku do serwisu internetowego, o ile nie przedstawia on w\u0142a\u015bciciela serwisu w spos\u00f3b fa\u0142szywy, myl\u0105cy i niezgodny z prawd\u0105.<\/p>\n<\/div><\/div><\/div><\/div><\/div><\/div><\/section>\n","protected":false},"excerpt":{"rendered":"Polityka wykorzystywania plik\u00f3w cookiesGromadzenie i wykorzystywanie danych Serwis nie zbiera w spos\u00f3b automatyczny \u017cadnych informacji, z wyj\u0105tkiem informacji zawartych w plikach cookies. Pliki cookies (w dos\u0142ownym t\u0142umaczeniu z j. angielskiego: ciasteczka) s\u0105 to ma\u0142e pliki tekstowe, przesy\u0142ane do urz\u0105dzenia u\u017cytkownika ko\u0144cowego podczas odwiedzania przez niego serwisu internetowego. Pliki cookies zawieraj\u0105 m.in. adres strony internetowej z...","protected":false},"author":1,"featured_media":0,"parent":0,"menu_order":0,"comment_status":"closed","ping_status":"closed","template":"","meta":{"footnotes":""},"class_list":["post-1735","page","type-page","status-publish","hentry"],"yoast_head":"<!-- This site is optimized with the Yoast SEO plugin v27.4 - https:\/\/yoast.com\/product\/yoast-seo-wordpress\/ -->\n<title>Polityka wykorzystywania plik\u00f3w cookies - Konkurs Wi\u0142komirski<\/title>\n<meta name=\"robots\" content=\"index, follow, max-snippet:-1, max-image-preview:large, max-video-preview:-1\" \/>\n<link rel=\"canonical\" href=\"https:\/\/www.konkurs-wilkomirski.pl\/en\/cookies\/\" \/>\n<meta property=\"og:locale\" content=\"en_US\" \/>\n<meta property=\"og:type\" content=\"article\" \/>\n<meta property=\"og:title\" content=\"Polityka wykorzystywania plik\u00f3w cookies - Konkurs Wi\u0142komirski\" \/>\n<meta property=\"og:url\" content=\"https:\/\/www.konkurs-wilkomirski.pl\/en\/cookies\/\" \/>\n<meta property=\"og:site_name\" content=\"Konkurs Wi\u0142komirski\" \/>\n<meta property=\"article:publisher\" content=\"https:\/\/www.facebook.com\/people\/Konkurs-Wiolonczelowy-K-Wikomirskiego\/100087049857948\/\" \/>\n<meta property=\"article:modified_time\" content=\"2022-11-08T13:16:48+00:00\" \/>\n<meta name=\"twitter:card\" content=\"summary_large_image\" \/>\n<meta name=\"twitter:label1\" content=\"Est. reading time\" \/>\n\t<meta name=\"twitter:data1\" content=\"4 minutes\" \/>\n<script type=\"application\/ld+json\" class=\"yoast-schema-graph\">{\"@context\":\"https:\\\/\\\/schema.org\",\"@graph\":[{\"@type\":\"WebPage\",\"@id\":\"https:\\\/\\\/www.konkurs-wilkomirski.pl\\\/en\\\/cookies\\\/\",\"url\":\"https:\\\/\\\/www.konkurs-wilkomirski.pl\\\/en\\\/cookies\\\/\",\"name\":\"Polityka wykorzystywania plik\u00f3w cookies - Konkurs Wi\u0142komirski\",\"isPartOf\":{\"@id\":\"https:\\\/\\\/www.konkurs-wilkomirski.pl\\\/#website\"},\"datePublished\":\"2022-11-08T13:02:34+00:00\",\"dateModified\":\"2022-11-08T13:16:48+00:00\",\"breadcrumb\":{\"@id\":\"https:\\\/\\\/www.konkurs-wilkomirski.pl\\\/en\\\/cookies\\\/#breadcrumb\"},\"inLanguage\":\"en-US\",\"potentialAction\":[{\"@type\":\"ReadAction\",\"target\":[\"https:\\\/\\\/www.konkurs-wilkomirski.pl\\\/en\\\/cookies\\\/\"]}]},{\"@type\":\"BreadcrumbList\",\"@id\":\"https:\\\/\\\/www.konkurs-wilkomirski.pl\\\/en\\\/cookies\\\/#breadcrumb\",\"itemListElement\":[{\"@type\":\"ListItem\",\"position\":1,\"name\":\"Strona g\u0142\u00f3wna\",\"item\":\"https:\\\/\\\/www.konkurs-wilkomirski.pl\\\/en\\\/\"},{\"@type\":\"ListItem\",\"position\":2,\"name\":\"Polityka wykorzystywania plik\u00f3w cookies\"}]},{\"@type\":\"WebSite\",\"@id\":\"https:\\\/\\\/www.konkurs-wilkomirski.pl\\\/#website\",\"url\":\"https:\\\/\\\/www.konkurs-wilkomirski.pl\\\/\",\"name\":\"Konkurs Wi\u0142komirski\",\"description\":\"Konkurs Wi\u0142komirski POSM2\",\"publisher\":{\"@id\":\"https:\\\/\\\/www.konkurs-wilkomirski.pl\\\/#organization\"},\"potentialAction\":[{\"@type\":\"SearchAction\",\"target\":{\"@type\":\"EntryPoint\",\"urlTemplate\":\"https:\\\/\\\/www.konkurs-wilkomirski.pl\\\/?s={search_term_string}\"},\"query-input\":{\"@type\":\"PropertyValueSpecification\",\"valueRequired\":true,\"valueName\":\"search_term_string\"}}],\"inLanguage\":\"en-US\"},{\"@type\":\"Organization\",\"@id\":\"https:\\\/\\\/www.konkurs-wilkomirski.pl\\\/#organization\",\"name\":\"Pozna\u0144ska Og\u00f3lnokszta\u0142c\u0105ca Szko\u0142a Muzyczna I stopnia nr. 2 im. T. Szeligowskiego\",\"url\":\"https:\\\/\\\/www.konkurs-wilkomirski.pl\\\/\",\"logo\":{\"@type\":\"ImageObject\",\"inLanguage\":\"en-US\",\"@id\":\"https:\\\/\\\/www.konkurs-wilkomirski.pl\\\/#\\\/schema\\\/logo\\\/image\\\/\",\"url\":\"https:\\\/\\\/www.konkurs-wilkomirski.pl\\\/wp-content\\\/uploads\\\/2022\\\/11\\\/logo_KONKURS_WIOLON._fiolet.png\",\"contentUrl\":\"https:\\\/\\\/www.konkurs-wilkomirski.pl\\\/wp-content\\\/uploads\\\/2022\\\/11\\\/logo_KONKURS_WIOLON._fiolet.png\",\"width\":1024,\"height\":569,\"caption\":\"Pozna\u0144ska Og\u00f3lnokszta\u0142c\u0105ca Szko\u0142a Muzyczna I stopnia nr. 2 im. T. Szeligowskiego\"},\"image\":{\"@id\":\"https:\\\/\\\/www.konkurs-wilkomirski.pl\\\/#\\\/schema\\\/logo\\\/image\\\/\"},\"sameAs\":[\"https:\\\/\\\/www.facebook.com\\\/people\\\/Konkurs-Wiolonczelowy-K-Wikomirskiego\\\/100087049857948\\\/\"]}]}<\/script>\n<!-- \/ Yoast SEO plugin. -->","yoast_head_json":{"title":"Polityka wykorzystywania plik\u00f3w cookies - Konkurs Wi\u0142komirski","robots":{"index":"index","follow":"follow","max-snippet":"max-snippet:-1","max-image-preview":"max-image-preview:large","max-video-preview":"max-video-preview:-1"},"canonical":"https:\/\/www.konkurs-wilkomirski.pl\/en\/cookies\/","og_locale":"en_US","og_type":"article","og_title":"Polityka wykorzystywania plik\u00f3w cookies - Konkurs Wi\u0142komirski","og_url":"https:\/\/www.konkurs-wilkomirski.pl\/en\/cookies\/","og_site_name":"Konkurs Wi\u0142komirski","article_publisher":"https:\/\/www.facebook.com\/people\/Konkurs-Wiolonczelowy-K-Wikomirskiego\/100087049857948\/","article_modified_time":"2022-11-08T13:16:48+00:00","twitter_card":"summary_large_image","twitter_misc":{"Est. reading time":"4 minutes"},"schema":{"@context":"https:\/\/schema.org","@graph":[{"@type":"WebPage","@id":"https:\/\/www.konkurs-wilkomirski.pl\/en\/cookies\/","url":"https:\/\/www.konkurs-wilkomirski.pl\/en\/cookies\/","name":"Polityka wykorzystywania plik\u00f3w cookies - Konkurs Wi\u0142komirski","isPartOf":{"@id":"https:\/\/www.konkurs-wilkomirski.pl\/#website"},"datePublished":"2022-11-08T13:02:34+00:00","dateModified":"2022-11-08T13:16:48+00:00","breadcrumb":{"@id":"https:\/\/www.konkurs-wilkomirski.pl\/en\/cookies\/#breadcrumb"},"inLanguage":"en-US","potentialAction":[{"@type":"ReadAction","target":["https:\/\/www.konkurs-wilkomirski.pl\/en\/cookies\/"]}]},{"@type":"BreadcrumbList","@id":"https:\/\/www.konkurs-wilkomirski.pl\/en\/cookies\/#breadcrumb","itemListElement":[{"@type":"ListItem","position":1,"name":"Strona g\u0142\u00f3wna","item":"https:\/\/www.konkurs-wilkomirski.pl\/en\/"},{"@type":"ListItem","position":2,"name":"Polityka wykorzystywania plik\u00f3w cookies"}]},{"@type":"WebSite","@id":"https:\/\/www.konkurs-wilkomirski.pl\/#website","url":"https:\/\/www.konkurs-wilkomirski.pl\/","name":"Konkurs Wi\u0142komirski","description":"Konkurs Wi\u0142komirski POSM2","publisher":{"@id":"https:\/\/www.konkurs-wilkomirski.pl\/#organization"},"potentialAction":[{"@type":"SearchAction","target":{"@type":"EntryPoint","urlTemplate":"https:\/\/www.konkurs-wilkomirski.pl\/?s={search_term_string}"},"query-input":{"@type":"PropertyValueSpecification","valueRequired":true,"valueName":"search_term_string"}}],"inLanguage":"en-US"},{"@type":"Organization","@id":"https:\/\/www.konkurs-wilkomirski.pl\/#organization","name":"Pozna\u0144ska Og\u00f3lnokszta\u0142c\u0105ca Szko\u0142a Muzyczna I stopnia nr. 2 im. T. Szeligowskiego","url":"https:\/\/www.konkurs-wilkomirski.pl\/","logo":{"@type":"ImageObject","inLanguage":"en-US","@id":"https:\/\/www.konkurs-wilkomirski.pl\/#\/schema\/logo\/image\/","url":"https:\/\/www.konkurs-wilkomirski.pl\/wp-content\/uploads\/2022\/11\/logo_KONKURS_WIOLON._fiolet.png","contentUrl":"https:\/\/www.konkurs-wilkomirski.pl\/wp-content\/uploads\/2022\/11\/logo_KONKURS_WIOLON._fiolet.png","width":1024,"height":569,"caption":"Pozna\u0144ska Og\u00f3lnokszta\u0142c\u0105ca Szko\u0142a Muzyczna I stopnia nr. 2 im. T. Szeligowskiego"},"image":{"@id":"https:\/\/www.konkurs-wilkomirski.pl\/#\/schema\/logo\/image\/"},"sameAs":["https:\/\/www.facebook.com\/people\/Konkurs-Wiolonczelowy-K-Wikomirskiego\/100087049857948\/"]}]}},"_links":{"self":[{"href":"https:\/\/www.konkurs-wilkomirski.pl\/en\/wp-json\/wp\/v2\/pages\/1735","targetHints":{"allow":["GET"]}}],"collection":[{"href":"https:\/\/www.konkurs-wilkomirski.pl\/en\/wp-json\/wp\/v2\/pages"}],"about":[{"href":"https:\/\/www.konkurs-wilkomirski.pl\/en\/wp-json\/wp\/v2\/types\/page"}],"author":[{"embeddable":true,"href":"https:\/\/www.konkurs-wilkomirski.pl\/en\/wp-json\/wp\/v2\/users\/1"}],"replies":[{"embeddable":true,"href":"https:\/\/www.konkurs-wilkomirski.pl\/en\/wp-json\/wp\/v2\/comments?post=1735"}],"version-history":[{"count":2,"href":"https:\/\/www.konkurs-wilkomirski.pl\/en\/wp-json\/wp\/v2\/pages\/1735\/revisions"}],"predecessor-version":[{"id":1737,"href":"https:\/\/www.konkurs-wilkomirski.pl\/en\/wp-json\/wp\/v2\/pages\/1735\/revisions\/1737"}],"wp:attachment":[{"href":"https:\/\/www.konkurs-wilkomirski.pl\/en\/wp-json\/wp\/v2\/media?parent=1735"}],"curies":[{"name":"wp","href":"https:\/\/api.w.org\/{rel}","templated":true}]}}