{"id":3848,"date":"2026-04-27T18:39:02","date_gmt":"2026-04-27T18:39:02","guid":{"rendered":"https:\/\/www.konkurs-wilkomirski.pl\/?page_id=3848"},"modified":"2026-05-03T19:30:37","modified_gmt":"2026-05-03T19:30:37","slug":"home-2","status":"publish","type":"page","link":"https:\/\/www.konkurs-wilkomirski.pl\/en\/","title":{"rendered":"Home &#8211; en"},"content":{"rendered":"<section class=\"l-section wpb_row height_auto width_full\"><div class=\"l-section-h i-cf\"><div class=\"g-cols vc_row via_grid cols_2-1 laptops-cols_inherit tablets-cols_1 mobiles-cols_1 valign_top type_default stacking_default\" style=\"--columns-gap:0rem;\"><div class=\"wpb_column vc_column_container us_custom_b58569a3\"><div class=\"vc_column-inner\"><h2 class=\"w-text us_custom_23816ecc\"><span class=\"w-text-h\"><span class=\"w-text-value\">We warmly invite you to the Auditions of the 18th Kazimierz Wi\u0142komirski International Youth Cello Competition<\/span><\/span><\/h2><h2 class=\"w-text us_custom_a6ceb248\"><span class=\"w-text-h\"><span class=\"w-text-value\">December 2-5, 2026 | Pozna\u0144<\/span><\/span><\/h2><div class=\"w-separator size_small\"><\/div><div class=\"wpb_text_column us_custom_c7117219 has_text_color\"><div class=\"wpb_wrapper\"><h3><span style=\"color: #140342;\">\u00a0 <a href=\"https:\/\/www.konkurs-wilkomirski.pl\/wp-content\/uploads\/2026\/04\/CompetitionRules_XVIIIKazimierzWilkomirskiInternationalCompetition_pdf.pdf\">\u00a0 \u00a0 <span style=\"color: #334866;\">\u00a0<\/span>COMPETITION RULES<\/a><\/span><\/h3>\n<\/div><\/div><div class=\"w-separator size_small\"><\/div><div class=\"wpb_text_column us_custom_f43b7b34\"><div class=\"wpb_wrapper\"><h4 style=\"text-align: left;\"><span style=\"color: #c22727;\">\u00a0 \u00a0 \u00a0 \u00a0<a href=\"https:\/\/www.konkurs-wilkomirski.pl\/wp-content\/uploads\/2026\/04\/XVIII-KAZIMIERZ-WILKOMIRSKI-IYCC_programme-options_pdf-1.pdf\"> PROGRAMME OPTIONS<\/a><\/span><\/h4>\n<\/div><\/div><div class=\"w-separator size_small\"><\/div><div class=\"w-tabs us_custom_4af741be layout_ver navwidth_30 navpos_left style_trendy switch_click\" style=\"--sections-title-size:1.2em\"><div class=\"w-tabs-list items_4 align_none\" style=\"font-weight:600;line-height:1rem;\"><div class=\"w-tabs-list-h\"><button class=\"w-tabs-item active\" aria-controls=\"content-fda9\" aria-expanded=\"false\"><span class=\"w-tabs-item-title\">About<\/span><\/button><button class=\"w-tabs-item\" aria-controls=\"content-yf48\" aria-expanded=\"false\"><span class=\"w-tabs-item-title\">Jury<\/span><\/button><button class=\"w-tabs-item\" aria-controls=\"content-d0d1\" aria-expanded=\"false\"><span class=\"w-tabs-item-title\">Foreign jury<\/span><\/button><button class=\"w-tabs-item\" aria-controls=\"content-j236\" aria-expanded=\"false\"><span class=\"w-tabs-item-title\">Laureates<\/span><\/button><\/div><\/div><div class=\"w-tabs-sections titles-align_none icon_chevron cpos_right\"><div class=\"w-tabs-section active\" id=\"fda9\"><button class=\"w-tabs-section-header active\" aria-controls=\"content-fda9\" aria-expanded=\"true\"><h3 class=\"w-tabs-section-title\">About<\/h3><div class=\"w-tabs-section-control\"><\/div><\/button><div  class=\"w-tabs-section-content us_custom_dad176a8\" id=\"content-fda9\"><div class=\"w-tabs-section-content-h i-cf\"><div class=\"wpb_text_column us_custom_b0de90da\"><div class=\"wpb_wrapper\"><p>The K. Wi\u0142komirski Youth Cello Competition invites young cellists, students of 1st and 2nd level music schools across Poland, as well as international competitors, and offers them an oportunity to present their skill. The Competition is run in two stages, and the competitors are divided in three age groups \u2013 up to 13, up to 15, and up to 17 years old. The Competitions are organised by the Tadeusz Szeligowski 1st Level Music School no. 2 in Pozna\u0144, and run in a bi-annual cycle. The organisers are supported by the Pozna\u0144 City Council and the The Ministry of Culture and National Heritage.<\/p>\n<p>Initially, the Competition had a regional character. It achieved a national status in 1992, and in the consecutive years it invited young artists from abroad, including: Austria, Belarus, Croatia, Estonia, Finland, France, Kazachstan, Germany, Russia, Switzerland and Ukraine. Exceptional cellists and lecturers of Polish music academies, as well as international artists, were members of the jury in all editions.<\/p>\n<\/div><\/div><\/div><\/div><\/div><div class=\"w-tabs-section\" id=\"yf48\"><button class=\"w-tabs-section-header\" aria-controls=\"content-yf48\" aria-expanded=\"false\"><h3 class=\"w-tabs-section-title\">Jury<\/h3><div class=\"w-tabs-section-control\"><\/div><\/button><div  class=\"w-tabs-section-content us_custom_944061bb\" id=\"content-yf48\"><div class=\"w-tabs-section-content-h i-cf\"><div class=\"wpb_text_column us_custom_d89e4085\"><div class=\"wpb_wrapper\"><p style=\"text-align: justify;\">The chairpersons of the jury included: 1991-2002, Prof. Andrzej Zieli\u0144ski (Warsaw Music Academy); 2004, Prof. Kazimierz Michalik (Warsaw Music Academy); and in 2006-2008, Prof. Stanis\u0142aw Pokorski (Pozna\u0144 Music Academy). Prof. Pokorski and Prof. Stanis\u0142aw Firley (\u0141\u00f3d\u017a Music Academy) acted as jurors from the competition\u2019s first edition, until 2008. Other members of the jury included: Prof. Krzysztof Sperski (Gda\u0144sk Music Academy), Prof. Urszula Marciniec-Mazur (Wroc\u0142aw Music Academy), Prof. Zdzis\u0142aw \u0141api\u0144ski (Krak\u00f3w Music Academy), Mgr. Jadwiga Ewald (Gda\u0144sk 1st and 2nd Level Music School), Mgr. Arkadiusz Broniewski (Pozna\u0144 Music Schools Group).<\/p>\n<\/div><\/div><\/div><\/div><\/div><div class=\"w-tabs-section\" id=\"d0d1\"><button class=\"w-tabs-section-header\" aria-controls=\"content-d0d1\" aria-expanded=\"false\"><h3 class=\"w-tabs-section-title\">Foreign jury<\/h3><div class=\"w-tabs-section-control\"><\/div><\/button><div  class=\"w-tabs-section-content\" id=\"content-d0d1\"><div class=\"w-tabs-section-content-h i-cf\"><div class=\"wpb_text_column us_custom_d89e4085\"><div class=\"wpb_wrapper\"><p>International jury members included: Prof. Stanislav Apolin (Prague Music Academy), Prof. Cecylia Barczyk (Towson University, USA), Prof. Michael Flaksmann (Hochschule f\u00fcr Musik Mannheim), Prof. Bed\u0159ich Havlik (Brno Music Academy), Prof. Angelica May (Hochschule f\u00fcr Musik Wien), Prof. Nikolai Szczerbakow (Minsk Music Academy), Prof. Werner Taube (Hochschule f\u00fcr Musik Stuttgart), Prof. Victoria Yagling (Helsinki Music Academy), Prof. Jan Haliska (Ostrava Music Academy), Prof. Rimantas Armonas (Vilnus Music Academy), Prof. Markus Nyikos (Universit\u00e4t der K\u00fcnste Berlin).<\/p>\n<p>The teachers, reviewers and the public agree that the Kazimierz Wi\u0142komirski Youth Cello Competitions in Pozna\u0144 greatly contributed to the high level of skill and ability among Polish cello students.<\/p>\n<\/div><\/div><\/div><\/div><\/div><div class=\"w-tabs-section\" id=\"j236\"><button class=\"w-tabs-section-header\" aria-controls=\"content-j236\" aria-expanded=\"false\"><h3 class=\"w-tabs-section-title\">Laureates<\/h3><div class=\"w-tabs-section-control\"><\/div><\/button><div  class=\"w-tabs-section-content\" id=\"content-j236\"><div class=\"w-tabs-section-content-h i-cf\"><div class=\"wpb_text_column us_custom_d89e4085\"><div class=\"wpb_wrapper\"><p>International jury members included: Prof. Stanislav Apolin (Prague Music Academy), Prof. Cecylia Barczyk (Towson University, USA), Prof. Michael Flaksmann (Hochschule f\u00fcr Musik Mannheim), Prof. Bed\u0159ich Havlik (Brno Music Academy), Prof. Angelica May (Hochschule f\u00fcr Musik Wien), Prof. Nikolai Szczerbakow (Minsk Music Academy), Prof. Werner Taube (Hochschule f\u00fcr Musik Stuttgart), Prof. Victoria Yagling (Helsinki Music Academy), Prof. Jan Haliska (Ostrava Music Academy), Prof. Rimantas Armonas (Vilnus Music Academy), Prof. Markus Nyikos (Universit\u00e4t der K\u00fcnste Berlin).<\/p>\n<p>The teachers, reviewers and the public agree that the Kazimierz Wi\u0142komirski Youth Cello Competitions in Pozna\u0144 greatly contributed to the high level of skill and ability among Polish cello students.<\/p>\n<\/div><\/div><\/div><\/div><\/div><\/div><\/div><\/div><\/div><div class=\"wpb_column vc_column_container us_custom_41bfb199 hide_on_tablets hide_on_mobiles has_bg_color\"><div class=\"vc_column-inner\"><div class=\"w-image align_none\"><div class=\"w-image-h\"><img decoding=\"async\" width=\"724\" height=\"1024\" src=\"https:\/\/www.konkurs-wilkomirski.pl\/wp-content\/uploads\/2026\/04\/Plakat-A3-RGB-EN-724x1024.jpeg\" class=\"attachment-large size-large\" alt=\"\" loading=\"lazy\" srcset=\"https:\/\/www.konkurs-wilkomirski.pl\/wp-content\/uploads\/2026\/04\/Plakat-A3-RGB-EN-724x1024.jpeg 724w, https:\/\/www.konkurs-wilkomirski.pl\/wp-content\/uploads\/2026\/04\/Plakat-A3-RGB-EN-212x300.jpeg 212w, https:\/\/www.konkurs-wilkomirski.pl\/wp-content\/uploads\/2026\/04\/Plakat-A3-RGB-EN.jpeg 842w\" sizes=\"auto, (max-width: 724px) 100vw, 724px\" \/><\/div><\/div><div class=\"w-countdown labelpos_bottom us_custom_513a92f9 has_text_color animation_slide after_end_hide\" role=\"timer\" style=\"--label-size:1rem;--label-color:#412f6b;\" onclick='return {&quot;remainingTime&quot;:17205781}'><div class=\"w-countdown-item\" data-type=\"days\"><span class=\"w-countdown-item-number\"><span>199<\/span><\/span><span class=\"w-countdown-item-label\">days<\/span><\/div><div class=\"w-countdown-item\" data-type=\"hours\"><span class=\"w-countdown-item-number\"><span>03<\/span><\/span><span class=\"w-countdown-item-label\">hours<\/span><\/div><div class=\"w-countdown-item\" data-type=\"minutes\"><span class=\"w-countdown-item-number\"><span>23<\/span><\/span><span class=\"w-countdown-item-label\">minutes<\/span><\/div><div class=\"w-countdown-item\" data-type=\"seconds\"><span class=\"w-countdown-item-number\"><span>01<\/span><\/span><span class=\"w-countdown-item-label\">seconds<\/span><\/div><\/div><\/div><\/div><\/div><\/div><\/section><section class=\"l-section wpb_row height_large\"><div class=\"l-section-h i-cf\"><div class=\"g-cols vc_row via_grid cols_1 laptops-cols_inherit tablets-cols_inherit mobiles-cols_1 valign_top type_default stacking_default\"><div class=\"wpb_column vc_column_container\"><div class=\"vc_column-inner\"><div class=\"g-cols wpb_row via_grid cols_2 laptops-cols_1 tablets-cols_1 mobiles-cols_1 valign_middle type_default stacking_default\" style=\"--columns-gap:3rem;\"><div class=\"wpb_column vc_column_container\"><div class=\"vc_column-inner\"><div class=\"w-image us_custom_3b26f501 has_ratio align_none\"><div class=\"w-image-h\"><div style=\"padding-bottom:100%\"><\/div><img decoding=\"async\" width=\"321\" height=\"483\" src=\"https:\/\/www.konkurs-wilkomirski.pl\/wp-content\/uploads\/2022\/10\/wilkomirsk.jpg\" class=\"attachment-large size-large\" alt=\"\" loading=\"lazy\" \/><\/div><\/div><\/div><\/div><div class=\"wpb_column vc_column_container\"><div class=\"vc_column-inner\"><h2 class=\"w-text\"><span class=\"w-text-h\"><span class=\"w-text-value\">Kazimierz<br \/>\nWi\u0142komirski<\/span><\/span><\/h2><div class=\"wpb_text_column\"><div class=\"wpb_wrapper\"><p>Kazimierz Wi\u0142komirski (1900-1995) studied in the years 1911-17 at the Imperial Conservatory in Moscow with Alfred von Glehn (cello). In 1919-23 he continued his studies at the Conservatory in Warsaw in the composition class of Roman Statkowski and conducting with Emil M\u0142ynarski, graduating with honors. At the same time, in 1919-21 he worked as a cellist in the orchestra of the Warsaw Opera.<\/p>\n<p>After the war, in 1945-47, he was the rector and professor of conducting at the State Higher School of Music in \u0141\u00f3d\u017a. From 1947 to 1952 he was the director and first conductor of the State Philharmonic and Opera in Wroc\u0142aw, at the same time being a professor of conducting, and in 1950-52 the dean of the 1st Department of the State Higher School of Music in Wroc\u0142aw. In 1952-57 he was the director of the State Opera and Philharmonic in Gda\u0144sk and a professor at the State Higher School of Music in Sopot. From 1963 he lived in Warsaw, where he was the head of the Department of Chamber Music at the State Higher School of Music.<\/p>\n<\/div><\/div><\/div><\/div><\/div><div class=\"wpb_text_column\"><div class=\"wpb_wrapper\"><h1><\/h1>\n<h1><\/h1>\n<h1 style=\"text-align: center;\">We cordially invite you<\/h1>\n<h3 style=\"text-align: center;\"><\/h3>\n<\/div><\/div><\/div><\/div><\/div><\/div><\/section><section class=\"l-section wpb_row height_auto width_full\"><div class=\"l-section-h i-cf\"><div class=\"g-cols vc_row via_grid cols_2-1 laptops-cols_inherit tablets-cols_1 mobiles-cols_1 valign_top type_default stacking_default\" style=\"--columns-gap:0rem;\"><div class=\"wpb_column vc_column_container us_custom_8f4479a9\"><div class=\"vc_column-inner\"><\/div><\/div><div class=\"wpb_column vc_column_container us_custom_8ac954d5 hide_on_tablets hide_on_mobiles has_bg_color\"><div class=\"vc_column-inner\"><\/div><\/div><\/div><\/div><\/section><section class=\"l-section wpb_row height_auto width_full\"><div class=\"l-section-h i-cf\"><div class=\"g-cols vc_row via_grid cols_custom laptops-cols_inherit tablets-cols_1 mobiles-cols_1 valign_top type_default stacking_default\" style=\"--columns-gap:0rem;--custom-columns:4fr 6fr 6fr \"><div class=\"wpb_column vc_column_container us_custom_8f4479a9 hide_on_default hide_on_laptops hide_on_tablets hide_on_mobiles\"><div class=\"vc_column-inner\"><div class=\"g-cols wpb_row via_grid cols_3 laptops-cols_inherit tablets-cols_inherit mobiles-cols_1 valign_top type_default stacking_default\" style=\"--columns-gap:3rem;\"><div class=\"wpb_column vc_column_container\"><div class=\"vc_column-inner\"><div class=\"w-image align_none\"><div class=\"w-image-h\"><img decoding=\"async\" width=\"300\" height=\"167\" src=\"https:\/\/www.konkurs-wilkomirski.pl\/wp-content\/uploads\/2022\/11\/logo_KONKURS_WIOLON._fiolet-300x167.png\" class=\"attachment-medium size-medium\" alt=\"\" loading=\"lazy\" srcset=\"https:\/\/www.konkurs-wilkomirski.pl\/wp-content\/uploads\/2022\/11\/logo_KONKURS_WIOLON._fiolet-300x167.png 300w, https:\/\/www.konkurs-wilkomirski.pl\/wp-content\/uploads\/2022\/11\/logo_KONKURS_WIOLON._fiolet.png 1024w\" sizes=\"auto, (max-width: 300px) 100vw, 300px\" \/><\/div><\/div><\/div><\/div><div class=\"wpb_column vc_column_container\"><div class=\"vc_column-inner\"><div class=\"w-image align_none\"><a target=\"_blank\" rel=\"nofollow\" href=\"https:\/\/posm2.poznan.pl\/\" aria-label=\"Logo-POSM2-szare-1024x380 fiolet v2\" class=\"w-image-h\"><img decoding=\"async\" width=\"300\" height=\"111\" src=\"https:\/\/www.konkurs-wilkomirski.pl\/wp-content\/uploads\/2022\/10\/Logo-POSM2-szare-1024x380-fiolet-v2-300x111.png\" class=\"attachment-medium size-medium\" alt=\"\" loading=\"lazy\" srcset=\"https:\/\/www.konkurs-wilkomirski.pl\/wp-content\/uploads\/2022\/10\/Logo-POSM2-szare-1024x380-fiolet-v2-300x111.png 300w, https:\/\/www.konkurs-wilkomirski.pl\/wp-content\/uploads\/2022\/10\/Logo-POSM2-szare-1024x380-fiolet-v2.png 1024w\" sizes=\"auto, (max-width: 300px) 100vw, 300px\" \/><\/a><\/div><\/div><\/div><div class=\"wpb_column vc_column_container\"><div class=\"vc_column-inner\"><div class=\"w-image align_none\"><a target=\"_blank\" rel=\"nofollow\" href=\"https:\/\/www.konkurs-szeligowski.pl\/\" aria-label=\"Logo-POSM2-szare-1024x380 fiolet\" class=\"w-image-h\"><img decoding=\"async\" width=\"300\" height=\"111\" src=\"https:\/\/www.konkurs-wilkomirski.pl\/wp-content\/uploads\/2022\/10\/Logo-POSM2-szare-1024x380-fiolet-1-300x111.png\" class=\"attachment-medium size-medium\" alt=\"\" loading=\"lazy\" srcset=\"https:\/\/www.konkurs-wilkomirski.pl\/wp-content\/uploads\/2022\/10\/Logo-POSM2-szare-1024x380-fiolet-1-300x111.png 300w, https:\/\/www.konkurs-wilkomirski.pl\/wp-content\/uploads\/2022\/10\/Logo-POSM2-szare-1024x380-fiolet-1.png 1024w\" sizes=\"auto, (max-width: 300px) 100vw, 300px\" \/><\/a><\/div><\/div><\/div><\/div><\/div><\/div><div class=\"wpb_column vc_column_container\"><div class=\"vc_column-inner\"><\/div><\/div><div class=\"wpb_column vc_column_container\"><div class=\"vc_column-inner\"><\/div><\/div><\/div><\/div><\/section><section class=\"l-section wpb_row height_large\"><div class=\"l-section-h i-cf\"><div class=\"g-cols vc_row via_grid cols_1 laptops-cols_inherit tablets-cols_inherit mobiles-cols_1 valign_top type_default stacking_default\"><div class=\"wpb_column vc_column_container\"><div class=\"vc_column-inner\"><\/div><\/div><\/div><\/div><\/section>\n","protected":false},"excerpt":{"rendered":"We warmly invite you to the Auditions of the 18th Kazimierz Wi\u0142komirski International Youth Cello CompetitionDecember 2-5, 2026 | Pozna\u0144\u00a0 \u00a0 \u00a0 \u00a0COMPETITION RULES \u00a0 \u00a0 \u00a0 \u00a0 PROGRAMME OPTIONS AboutJuryForeign juryLaureatesAboutThe K. Wi\u0142komirski Youth Cello Competition invites young cellists, students of 1st and 2nd level music schools across Poland, as well as international competitors,...","protected":false},"author":3,"featured_media":0,"parent":0,"menu_order":0,"comment_status":"closed","ping_status":"closed","template":"","meta":{"footnotes":""},"class_list":["post-3848","page","type-page","status-publish","hentry"],"yoast_head":"<!-- This site is optimized with the Yoast SEO plugin v27.4 - https:\/\/yoast.com\/product\/yoast-seo-wordpress\/ -->\n<title>Home - en - Konkurs Wi\u0142komirski<\/title>\n<meta name=\"robots\" content=\"index, follow, max-snippet:-1, max-image-preview:large, max-video-preview:-1\" \/>\n<link rel=\"canonical\" href=\"https:\/\/www.konkurs-wilkomirski.pl\/en\/\" \/>\n<meta property=\"og:locale\" content=\"en_US\" \/>\n<meta property=\"og:type\" content=\"article\" \/>\n<meta property=\"og:title\" content=\"Home - en - Konkurs Wi\u0142komirski\" \/>\n<meta property=\"og:url\" content=\"https:\/\/www.konkurs-wilkomirski.pl\/en\/\" \/>\n<meta property=\"og:site_name\" content=\"Konkurs Wi\u0142komirski\" \/>\n<meta property=\"article:publisher\" content=\"https:\/\/www.facebook.com\/people\/Konkurs-Wiolonczelowy-K-Wikomirskiego\/100087049857948\/\" \/>\n<meta property=\"article:modified_time\" content=\"2026-05-03T19:30:37+00:00\" \/>\n<meta name=\"twitter:card\" content=\"summary_large_image\" \/>\n<meta name=\"twitter:label1\" content=\"Est. reading time\" \/>\n\t<meta name=\"twitter:data1\" content=\"6 minutes\" \/>\n<script type=\"application\/ld+json\" class=\"yoast-schema-graph\">{\"@context\":\"https:\\\/\\\/schema.org\",\"@graph\":[{\"@type\":\"WebPage\",\"@id\":\"https:\\\/\\\/www.konkurs-wilkomirski.pl\\\/en\\\/\",\"url\":\"https:\\\/\\\/www.konkurs-wilkomirski.pl\\\/en\\\/\",\"name\":\"Home - en - Konkurs Wi\u0142komirski\",\"isPartOf\":{\"@id\":\"https:\\\/\\\/www.konkurs-wilkomirski.pl\\\/#website\"},\"datePublished\":\"2026-04-27T18:39:02+00:00\",\"dateModified\":\"2026-05-03T19:30:37+00:00\",\"breadcrumb\":{\"@id\":\"https:\\\/\\\/www.konkurs-wilkomirski.pl\\\/en\\\/#breadcrumb\"},\"inLanguage\":\"en-US\",\"potentialAction\":[{\"@type\":\"ReadAction\",\"target\":[\"https:\\\/\\\/www.konkurs-wilkomirski.pl\\\/en\\\/\"]}]},{\"@type\":\"BreadcrumbList\",\"@id\":\"https:\\\/\\\/www.konkurs-wilkomirski.pl\\\/en\\\/#breadcrumb\",\"itemListElement\":[{\"@type\":\"ListItem\",\"position\":1,\"name\":\"Strona g\u0142\u00f3wna\",\"item\":\"https:\\\/\\\/www.konkurs-wilkomirski.pl\\\/en\\\/\"},{\"@type\":\"ListItem\",\"position\":2,\"name\":\"Home &#8211; en\"}]},{\"@type\":\"WebSite\",\"@id\":\"https:\\\/\\\/www.konkurs-wilkomirski.pl\\\/#website\",\"url\":\"https:\\\/\\\/www.konkurs-wilkomirski.pl\\\/\",\"name\":\"Konkurs Wi\u0142komirski\",\"description\":\"Konkurs Wi\u0142komirski POSM2\",\"publisher\":{\"@id\":\"https:\\\/\\\/www.konkurs-wilkomirski.pl\\\/#organization\"},\"potentialAction\":[{\"@type\":\"SearchAction\",\"target\":{\"@type\":\"EntryPoint\",\"urlTemplate\":\"https:\\\/\\\/www.konkurs-wilkomirski.pl\\\/?s={search_term_string}\"},\"query-input\":{\"@type\":\"PropertyValueSpecification\",\"valueRequired\":true,\"valueName\":\"search_term_string\"}}],\"inLanguage\":\"en-US\"},{\"@type\":\"Organization\",\"@id\":\"https:\\\/\\\/www.konkurs-wilkomirski.pl\\\/#organization\",\"name\":\"Pozna\u0144ska Og\u00f3lnokszta\u0142c\u0105ca Szko\u0142a Muzyczna I stopnia nr. 2 im. T. Szeligowskiego\",\"url\":\"https:\\\/\\\/www.konkurs-wilkomirski.pl\\\/\",\"logo\":{\"@type\":\"ImageObject\",\"inLanguage\":\"en-US\",\"@id\":\"https:\\\/\\\/www.konkurs-wilkomirski.pl\\\/#\\\/schema\\\/logo\\\/image\\\/\",\"url\":\"https:\\\/\\\/www.konkurs-wilkomirski.pl\\\/wp-content\\\/uploads\\\/2022\\\/11\\\/logo_KONKURS_WIOLON._fiolet.png\",\"contentUrl\":\"https:\\\/\\\/www.konkurs-wilkomirski.pl\\\/wp-content\\\/uploads\\\/2022\\\/11\\\/logo_KONKURS_WIOLON._fiolet.png\",\"width\":1024,\"height\":569,\"caption\":\"Pozna\u0144ska Og\u00f3lnokszta\u0142c\u0105ca Szko\u0142a Muzyczna I stopnia nr. 2 im. T. Szeligowskiego\"},\"image\":{\"@id\":\"https:\\\/\\\/www.konkurs-wilkomirski.pl\\\/#\\\/schema\\\/logo\\\/image\\\/\"},\"sameAs\":[\"https:\\\/\\\/www.facebook.com\\\/people\\\/Konkurs-Wiolonczelowy-K-Wikomirskiego\\\/100087049857948\\\/\"]}]}<\/script>\n<!-- \/ Yoast SEO plugin. -->","yoast_head_json":{"title":"Home - en - Konkurs Wi\u0142komirski","robots":{"index":"index","follow":"follow","max-snippet":"max-snippet:-1","max-image-preview":"max-image-preview:large","max-video-preview":"max-video-preview:-1"},"canonical":"https:\/\/www.konkurs-wilkomirski.pl\/en\/","og_locale":"en_US","og_type":"article","og_title":"Home - en - Konkurs Wi\u0142komirski","og_url":"https:\/\/www.konkurs-wilkomirski.pl\/en\/","og_site_name":"Konkurs Wi\u0142komirski","article_publisher":"https:\/\/www.facebook.com\/people\/Konkurs-Wiolonczelowy-K-Wikomirskiego\/100087049857948\/","article_modified_time":"2026-05-03T19:30:37+00:00","twitter_card":"summary_large_image","twitter_misc":{"Est. reading time":"6 minutes"},"schema":{"@context":"https:\/\/schema.org","@graph":[{"@type":"WebPage","@id":"https:\/\/www.konkurs-wilkomirski.pl\/en\/","url":"https:\/\/www.konkurs-wilkomirski.pl\/en\/","name":"Home - en - Konkurs Wi\u0142komirski","isPartOf":{"@id":"https:\/\/www.konkurs-wilkomirski.pl\/#website"},"datePublished":"2026-04-27T18:39:02+00:00","dateModified":"2026-05-03T19:30:37+00:00","breadcrumb":{"@id":"https:\/\/www.konkurs-wilkomirski.pl\/en\/#breadcrumb"},"inLanguage":"en-US","potentialAction":[{"@type":"ReadAction","target":["https:\/\/www.konkurs-wilkomirski.pl\/en\/"]}]},{"@type":"BreadcrumbList","@id":"https:\/\/www.konkurs-wilkomirski.pl\/en\/#breadcrumb","itemListElement":[{"@type":"ListItem","position":1,"name":"Strona g\u0142\u00f3wna","item":"https:\/\/www.konkurs-wilkomirski.pl\/en\/"},{"@type":"ListItem","position":2,"name":"Home &#8211; en"}]},{"@type":"WebSite","@id":"https:\/\/www.konkurs-wilkomirski.pl\/#website","url":"https:\/\/www.konkurs-wilkomirski.pl\/","name":"Konkurs Wi\u0142komirski","description":"Konkurs Wi\u0142komirski POSM2","publisher":{"@id":"https:\/\/www.konkurs-wilkomirski.pl\/#organization"},"potentialAction":[{"@type":"SearchAction","target":{"@type":"EntryPoint","urlTemplate":"https:\/\/www.konkurs-wilkomirski.pl\/?s={search_term_string}"},"query-input":{"@type":"PropertyValueSpecification","valueRequired":true,"valueName":"search_term_string"}}],"inLanguage":"en-US"},{"@type":"Organization","@id":"https:\/\/www.konkurs-wilkomirski.pl\/#organization","name":"Pozna\u0144ska Og\u00f3lnokszta\u0142c\u0105ca Szko\u0142a Muzyczna I stopnia nr. 2 im. T. Szeligowskiego","url":"https:\/\/www.konkurs-wilkomirski.pl\/","logo":{"@type":"ImageObject","inLanguage":"en-US","@id":"https:\/\/www.konkurs-wilkomirski.pl\/#\/schema\/logo\/image\/","url":"https:\/\/www.konkurs-wilkomirski.pl\/wp-content\/uploads\/2022\/11\/logo_KONKURS_WIOLON._fiolet.png","contentUrl":"https:\/\/www.konkurs-wilkomirski.pl\/wp-content\/uploads\/2022\/11\/logo_KONKURS_WIOLON._fiolet.png","width":1024,"height":569,"caption":"Pozna\u0144ska Og\u00f3lnokszta\u0142c\u0105ca Szko\u0142a Muzyczna I stopnia nr. 2 im. T. Szeligowskiego"},"image":{"@id":"https:\/\/www.konkurs-wilkomirski.pl\/#\/schema\/logo\/image\/"},"sameAs":["https:\/\/www.facebook.com\/people\/Konkurs-Wiolonczelowy-K-Wikomirskiego\/100087049857948\/"]}]}},"_links":{"self":[{"href":"https:\/\/www.konkurs-wilkomirski.pl\/en\/wp-json\/wp\/v2\/pages\/3848","targetHints":{"allow":["GET"]}}],"collection":[{"href":"https:\/\/www.konkurs-wilkomirski.pl\/en\/wp-json\/wp\/v2\/pages"}],"about":[{"href":"https:\/\/www.konkurs-wilkomirski.pl\/en\/wp-json\/wp\/v2\/types\/page"}],"author":[{"embeddable":true,"href":"https:\/\/www.konkurs-wilkomirski.pl\/en\/wp-json\/wp\/v2\/users\/3"}],"replies":[{"embeddable":true,"href":"https:\/\/www.konkurs-wilkomirski.pl\/en\/wp-json\/wp\/v2\/comments?post=3848"}],"version-history":[{"count":17,"href":"https:\/\/www.konkurs-wilkomirski.pl\/en\/wp-json\/wp\/v2\/pages\/3848\/revisions"}],"predecessor-version":[{"id":3923,"href":"https:\/\/www.konkurs-wilkomirski.pl\/en\/wp-json\/wp\/v2\/pages\/3848\/revisions\/3923"}],"wp:attachment":[{"href":"https:\/\/www.konkurs-wilkomirski.pl\/en\/wp-json\/wp\/v2\/media?parent=3848"}],"curies":[{"name":"wp","href":"https:\/\/api.w.org\/{rel}","templated":true}]}}