{"id":966,"date":"2022-04-30T20:22:58","date_gmt":"2022-04-30T20:22:58","guid":{"rendered":"https:\/\/www.konkurs-wilkomirski.pl\/kontakt\/"},"modified":"2022-11-02T08:13:50","modified_gmt":"2022-11-02T08:13:50","slug":"contact","status":"publish","type":"page","link":"https:\/\/www.konkurs-wilkomirski.pl\/en\/contact\/","title":{"rendered":"Contact"},"content":{"rendered":"<section class=\"l-section wpb_row height_large\"><div class=\"l-section-h i-cf\"><div class=\"g-cols vc_row via_grid cols_1 laptops-cols_inherit tablets-cols_inherit mobiles-cols_1 valign_top type_default stacking_default\"><div class=\"wpb_column vc_column_container\"><div class=\"vc_column-inner\"><h1 class=\"w-post-elm post_title align_center entry-title color_link_inherit\">Contact<\/h1><\/div><\/div><\/div><\/div><\/section><section class=\"l-section wpb_row us_custom_887a049b height_large\"><div class=\"l-section-h i-cf\"><div class=\"g-cols vc_row via_grid cols_2 laptops-cols_inherit tablets-cols_1 mobiles-cols_1 valign_top type_default stacking_default\"><div class=\"wpb_column vc_column_container\"><div class=\"vc_column-inner\"><div class=\"w-map provider_osm us_custom_af83d19f\" id=\"us_map_1\"><div class=\"w-map-inner\"><div class=\"w-map-json\" onclick='return {&quot;address&quot;:&quot;52.411610, 16.955477&quot;,&quot;disableDragging&quot;:1,&quot;disableZoom&quot;:1,&quot;hideControls&quot;:1,&quot;zoom&quot;:14,&quot;markers&quot;:[{&quot;address&quot;:&quot;52.411610, 16.955477&quot;,&quot;html&quot;:&quot;Tadeusz Szeligowski&#039;s Pozna\\u0144 Music School\\n&quot;,&quot;infowindow&quot;:&quot;1&quot;}],&quot;style&quot;:&quot;https:\\\/\\\/{s}.basemaps.cartocdn.com\\\/light_all\\\/{z}\\\/{x}\\\/{y}{r}.png&quot;}'><\/div><\/div><\/div><\/div><\/div><div class=\"wpb_column vc_column_container us_custom_73ed1037 has_bg_color\"><div class=\"vc_column-inner\"><h4 class=\"w-text us_custom_6745946f has_text_color\"><span class=\"w-text-h\"><span class=\"w-text-value\">Address<\/span><\/span><\/h4><div class=\"wpb_text_column\"><div class=\"wpb_wrapper\"><p>Bydgoska 4<br \/>\n61-127 Pozna\u0144<\/p>\n<\/div><\/div><div class=\"w-separator size_small\"><\/div><h4 class=\"w-text us_custom_6745946f has_text_color\"><span class=\"w-text-h\"><span class=\"w-text-value\">Contact<\/span><\/span><\/h4><div class=\"w-text\"><a href=\"tel:+48 532 458 491\" class=\"w-text-h\"><span class=\"w-text-value\">+48 532 458 491<\/span><\/a><\/div><div class=\"w-text\"><a href=\"tel:61 877 45 26\" class=\"w-text-h\"><span class=\"w-text-value\">61 877 45 26<\/span><\/a><\/div><div class=\"w-text\"><a href=\"mailto:sekretariat@posm2.poznan.pl\" class=\"w-text-h\"><span class=\"w-text-value\">sekretariat@posm2.poznan.pl<\/span><\/a><\/div><div class=\"w-separator size_small\"><\/div><h4 class=\"w-text us_custom_6745946f has_text_color\"><span class=\"w-text-h\"><span class=\"w-text-value\">Secretary&#8217;s office<\/span><\/span><\/h4><div class=\"wpb_text_column\"><div class=\"wpb_wrapper\"><p>Monday<br \/>\n7:30 \u2013 17:00<br \/>\nTuesday &#8211; Friday<br \/>\n7:30 \u2013 15:30<\/p>\n<\/div><\/div><\/div><\/div><\/div><\/div><\/section>\n","protected":false},"excerpt":{"rendered":"ContactAddressBydgoska 4 61-127 Pozna\u0144 Contact+48 532 458 49161 877 45 26sekretariat@posm2.poznan.plSecretary&#8217;s officeMonday 7:30 \u2013 17:00 Tuesday &#8211; Friday 7:30 \u2013 15:30","protected":false},"author":1,"featured_media":0,"parent":0,"menu_order":0,"comment_status":"closed","ping_status":"closed","template":"","meta":{"footnotes":""},"class_list":["post-966","page","type-page","status-publish","hentry"],"yoast_head":"<!-- This site is optimized with the Yoast SEO plugin v27.4 - https:\/\/yoast.com\/product\/yoast-seo-wordpress\/ -->\n<title>Contact - Konkurs Wi\u0142komirski<\/title>\n<meta name=\"robots\" content=\"index, follow, max-snippet:-1, max-image-preview:large, max-video-preview:-1\" \/>\n<link rel=\"canonical\" href=\"https:\/\/www.konkurs-wilkomirski.pl\/en\/contact\/\" \/>\n<meta property=\"og:locale\" content=\"en_US\" \/>\n<meta property=\"og:type\" content=\"article\" \/>\n<meta property=\"og:title\" content=\"Contact - Konkurs Wi\u0142komirski\" \/>\n<meta property=\"og:url\" content=\"https:\/\/www.konkurs-wilkomirski.pl\/en\/contact\/\" \/>\n<meta property=\"og:site_name\" content=\"Konkurs Wi\u0142komirski\" \/>\n<meta property=\"article:publisher\" content=\"https:\/\/www.facebook.com\/people\/Konkurs-Wiolonczelowy-K-Wikomirskiego\/100087049857948\/\" \/>\n<meta property=\"article:modified_time\" content=\"2022-11-02T08:13:50+00:00\" \/>\n<meta name=\"twitter:card\" content=\"summary_large_image\" \/>\n<meta name=\"twitter:label1\" content=\"Est. reading time\" \/>\n\t<meta name=\"twitter:data1\" content=\"2 minutes\" \/>\n<script type=\"application\/ld+json\" class=\"yoast-schema-graph\">{\"@context\":\"https:\\\/\\\/schema.org\",\"@graph\":[{\"@type\":\"WebPage\",\"@id\":\"https:\\\/\\\/www.konkurs-wilkomirski.pl\\\/en\\\/contact\\\/\",\"url\":\"https:\\\/\\\/www.konkurs-wilkomirski.pl\\\/en\\\/contact\\\/\",\"name\":\"Contact - Konkurs Wi\u0142komirski\",\"isPartOf\":{\"@id\":\"https:\\\/\\\/www.konkurs-wilkomirski.pl\\\/#website\"},\"datePublished\":\"2022-04-30T20:22:58+00:00\",\"dateModified\":\"2022-11-02T08:13:50+00:00\",\"breadcrumb\":{\"@id\":\"https:\\\/\\\/www.konkurs-wilkomirski.pl\\\/en\\\/contact\\\/#breadcrumb\"},\"inLanguage\":\"en-US\",\"potentialAction\":[{\"@type\":\"ReadAction\",\"target\":[\"https:\\\/\\\/www.konkurs-wilkomirski.pl\\\/en\\\/contact\\\/\"]}]},{\"@type\":\"BreadcrumbList\",\"@id\":\"https:\\\/\\\/www.konkurs-wilkomirski.pl\\\/en\\\/contact\\\/#breadcrumb\",\"itemListElement\":[{\"@type\":\"ListItem\",\"position\":1,\"name\":\"Strona g\u0142\u00f3wna\",\"item\":\"https:\\\/\\\/www.konkurs-wilkomirski.pl\\\/en\\\/\"},{\"@type\":\"ListItem\",\"position\":2,\"name\":\"Contact\"}]},{\"@type\":\"WebSite\",\"@id\":\"https:\\\/\\\/www.konkurs-wilkomirski.pl\\\/#website\",\"url\":\"https:\\\/\\\/www.konkurs-wilkomirski.pl\\\/\",\"name\":\"Konkurs Wi\u0142komirski\",\"description\":\"Konkurs Wi\u0142komirski POSM2\",\"publisher\":{\"@id\":\"https:\\\/\\\/www.konkurs-wilkomirski.pl\\\/#organization\"},\"potentialAction\":[{\"@type\":\"SearchAction\",\"target\":{\"@type\":\"EntryPoint\",\"urlTemplate\":\"https:\\\/\\\/www.konkurs-wilkomirski.pl\\\/?s={search_term_string}\"},\"query-input\":{\"@type\":\"PropertyValueSpecification\",\"valueRequired\":true,\"valueName\":\"search_term_string\"}}],\"inLanguage\":\"en-US\"},{\"@type\":\"Organization\",\"@id\":\"https:\\\/\\\/www.konkurs-wilkomirski.pl\\\/#organization\",\"name\":\"Pozna\u0144ska Og\u00f3lnokszta\u0142c\u0105ca Szko\u0142a Muzyczna I stopnia nr. 2 im. T. Szeligowskiego\",\"url\":\"https:\\\/\\\/www.konkurs-wilkomirski.pl\\\/\",\"logo\":{\"@type\":\"ImageObject\",\"inLanguage\":\"en-US\",\"@id\":\"https:\\\/\\\/www.konkurs-wilkomirski.pl\\\/#\\\/schema\\\/logo\\\/image\\\/\",\"url\":\"https:\\\/\\\/www.konkurs-wilkomirski.pl\\\/wp-content\\\/uploads\\\/2022\\\/11\\\/logo_KONKURS_WIOLON._fiolet.png\",\"contentUrl\":\"https:\\\/\\\/www.konkurs-wilkomirski.pl\\\/wp-content\\\/uploads\\\/2022\\\/11\\\/logo_KONKURS_WIOLON._fiolet.png\",\"width\":1024,\"height\":569,\"caption\":\"Pozna\u0144ska Og\u00f3lnokszta\u0142c\u0105ca Szko\u0142a Muzyczna I stopnia nr. 2 im. T. Szeligowskiego\"},\"image\":{\"@id\":\"https:\\\/\\\/www.konkurs-wilkomirski.pl\\\/#\\\/schema\\\/logo\\\/image\\\/\"},\"sameAs\":[\"https:\\\/\\\/www.facebook.com\\\/people\\\/Konkurs-Wiolonczelowy-K-Wikomirskiego\\\/100087049857948\\\/\"]}]}<\/script>\n<!-- \/ Yoast SEO plugin. -->","yoast_head_json":{"title":"Contact - Konkurs Wi\u0142komirski","robots":{"index":"index","follow":"follow","max-snippet":"max-snippet:-1","max-image-preview":"max-image-preview:large","max-video-preview":"max-video-preview:-1"},"canonical":"https:\/\/www.konkurs-wilkomirski.pl\/en\/contact\/","og_locale":"en_US","og_type":"article","og_title":"Contact - Konkurs Wi\u0142komirski","og_url":"https:\/\/www.konkurs-wilkomirski.pl\/en\/contact\/","og_site_name":"Konkurs Wi\u0142komirski","article_publisher":"https:\/\/www.facebook.com\/people\/Konkurs-Wiolonczelowy-K-Wikomirskiego\/100087049857948\/","article_modified_time":"2022-11-02T08:13:50+00:00","twitter_card":"summary_large_image","twitter_misc":{"Est. reading time":"2 minutes"},"schema":{"@context":"https:\/\/schema.org","@graph":[{"@type":"WebPage","@id":"https:\/\/www.konkurs-wilkomirski.pl\/en\/contact\/","url":"https:\/\/www.konkurs-wilkomirski.pl\/en\/contact\/","name":"Contact - Konkurs Wi\u0142komirski","isPartOf":{"@id":"https:\/\/www.konkurs-wilkomirski.pl\/#website"},"datePublished":"2022-04-30T20:22:58+00:00","dateModified":"2022-11-02T08:13:50+00:00","breadcrumb":{"@id":"https:\/\/www.konkurs-wilkomirski.pl\/en\/contact\/#breadcrumb"},"inLanguage":"en-US","potentialAction":[{"@type":"ReadAction","target":["https:\/\/www.konkurs-wilkomirski.pl\/en\/contact\/"]}]},{"@type":"BreadcrumbList","@id":"https:\/\/www.konkurs-wilkomirski.pl\/en\/contact\/#breadcrumb","itemListElement":[{"@type":"ListItem","position":1,"name":"Strona g\u0142\u00f3wna","item":"https:\/\/www.konkurs-wilkomirski.pl\/en\/"},{"@type":"ListItem","position":2,"name":"Contact"}]},{"@type":"WebSite","@id":"https:\/\/www.konkurs-wilkomirski.pl\/#website","url":"https:\/\/www.konkurs-wilkomirski.pl\/","name":"Konkurs Wi\u0142komirski","description":"Konkurs Wi\u0142komirski POSM2","publisher":{"@id":"https:\/\/www.konkurs-wilkomirski.pl\/#organization"},"potentialAction":[{"@type":"SearchAction","target":{"@type":"EntryPoint","urlTemplate":"https:\/\/www.konkurs-wilkomirski.pl\/?s={search_term_string}"},"query-input":{"@type":"PropertyValueSpecification","valueRequired":true,"valueName":"search_term_string"}}],"inLanguage":"en-US"},{"@type":"Organization","@id":"https:\/\/www.konkurs-wilkomirski.pl\/#organization","name":"Pozna\u0144ska Og\u00f3lnokszta\u0142c\u0105ca Szko\u0142a Muzyczna I stopnia nr. 2 im. T. Szeligowskiego","url":"https:\/\/www.konkurs-wilkomirski.pl\/","logo":{"@type":"ImageObject","inLanguage":"en-US","@id":"https:\/\/www.konkurs-wilkomirski.pl\/#\/schema\/logo\/image\/","url":"https:\/\/www.konkurs-wilkomirski.pl\/wp-content\/uploads\/2022\/11\/logo_KONKURS_WIOLON._fiolet.png","contentUrl":"https:\/\/www.konkurs-wilkomirski.pl\/wp-content\/uploads\/2022\/11\/logo_KONKURS_WIOLON._fiolet.png","width":1024,"height":569,"caption":"Pozna\u0144ska Og\u00f3lnokszta\u0142c\u0105ca Szko\u0142a Muzyczna I stopnia nr. 2 im. T. Szeligowskiego"},"image":{"@id":"https:\/\/www.konkurs-wilkomirski.pl\/#\/schema\/logo\/image\/"},"sameAs":["https:\/\/www.facebook.com\/people\/Konkurs-Wiolonczelowy-K-Wikomirskiego\/100087049857948\/"]}]}},"_links":{"self":[{"href":"https:\/\/www.konkurs-wilkomirski.pl\/en\/wp-json\/wp\/v2\/pages\/966","targetHints":{"allow":["GET"]}}],"collection":[{"href":"https:\/\/www.konkurs-wilkomirski.pl\/en\/wp-json\/wp\/v2\/pages"}],"about":[{"href":"https:\/\/www.konkurs-wilkomirski.pl\/en\/wp-json\/wp\/v2\/types\/page"}],"author":[{"embeddable":true,"href":"https:\/\/www.konkurs-wilkomirski.pl\/en\/wp-json\/wp\/v2\/users\/1"}],"replies":[{"embeddable":true,"href":"https:\/\/www.konkurs-wilkomirski.pl\/en\/wp-json\/wp\/v2\/comments?post=966"}],"version-history":[{"count":7,"href":"https:\/\/www.konkurs-wilkomirski.pl\/en\/wp-json\/wp\/v2\/pages\/966\/revisions"}],"predecessor-version":[{"id":1593,"href":"https:\/\/www.konkurs-wilkomirski.pl\/en\/wp-json\/wp\/v2\/pages\/966\/revisions\/1593"}],"wp:attachment":[{"href":"https:\/\/www.konkurs-wilkomirski.pl\/en\/wp-json\/wp\/v2\/media?parent=966"}],"curies":[{"name":"wp","href":"https:\/\/api.w.org\/{rel}","templated":true}]}}